{"id":1725,"date":"2021-12-21T09:07:58","date_gmt":"2021-12-21T08:07:58","guid":{"rendered":"http:\/\/jobimpulse.pl\/?page_id=1725"},"modified":"2024-03-22T17:39:50","modified_gmt":"2024-03-22T16:39:50","slug":"information-for-candidates","status":"publish","type":"page","link":"https:\/\/jobimpulse.pl\/en\/information-for-candidates\/","title":{"rendered":"Information for candidates"},"content":{"rendered":"","protected":false},"excerpt":{"rendered":"","protected":false},"author":1,"featured_media":0,"parent":0,"menu_order":0,"comment_status":"closed","ping_status":"closed","template":"informacje-dla-kandydata-template.php","meta":{"footnotes":""},"categories":[],"tags":[213,209,211,208,212,210,214],"class_list":["post-1725","page","type-page","status-publish","hentry","tag-agencja-pracy-en","tag-agencja-pracy-tymczasowej-en","tag-praca-dla-ukraincow-en","tag-praca-tymczasowa-en","tag-praca-w-polsce-en","tag-ukraincy-w-polsce-en","tag-zatrudnianie-cudzoziemcow-en"],"yoast_head":"<!-- This site is optimized with the Yoast SEO Premium plugin v26.6 (Yoast SEO v26.6) - https:\/\/yoast.com\/wordpress\/plugins\/seo\/ -->\n<title>Information for candidates - Jobimpulse.pl<\/title>\n<meta name=\"description\" content=\"Zebrali\u015bmy wszystkie informacje, kt\u00f3re musi wiedzie\u0107 kandydat przed rozpocz\u0119ciem pracy u pracodawcy. Sprawd\u017a check list\u0119 i przygotuj si\u0119!\" \/>\n<meta name=\"robots\" content=\"index, follow, max-snippet:-1, max-image-preview:large, max-video-preview:-1\" \/>\n<link rel=\"canonical\" href=\"https:\/\/jobimpulse.pl\/en\/information-for-candidates\/\" \/>\n<meta property=\"og:locale\" content=\"en_GB\" \/>\n<meta property=\"og:type\" content=\"article\" \/>\n<meta property=\"og:title\" content=\"Information for candidates\" \/>\n<meta property=\"og:description\" content=\"Zebrali\u015bmy wszystkie informacje, kt\u00f3re musi wiedzie\u0107 kandydat przed rozpocz\u0119ciem pracy u pracodawcy. Sprawd\u017a check list\u0119 i przygotuj si\u0119!\" \/>\n<meta property=\"og:url\" content=\"https:\/\/jobimpulse.pl\/en\/information-for-candidates\/\" \/>\n<meta property=\"og:site_name\" content=\"Jobimpulse.pl\" \/>\n<meta property=\"article:modified_time\" content=\"2024-03-22T16:39:50+00:00\" \/>\n<meta name=\"twitter:card\" content=\"summary_large_image\" \/>\n<script type=\"application\/ld+json\" class=\"yoast-schema-graph\">{\"@context\":\"https:\/\/schema.org\",\"@graph\":[{\"@type\":\"WebPage\",\"@id\":\"https:\/\/jobimpulse.pl\/en\/information-for-candidates\/\",\"url\":\"https:\/\/jobimpulse.pl\/en\/information-for-candidates\/\",\"name\":\"Information for candidates - Jobimpulse.pl\",\"isPartOf\":{\"@id\":\"https:\/\/jobimpulse.pl\/en\/#website\"},\"datePublished\":\"2021-12-21T08:07:58+00:00\",\"dateModified\":\"2024-03-22T16:39:50+00:00\",\"description\":\"Zebrali\u015bmy wszystkie informacje, kt\u00f3re musi wiedzie\u0107 kandydat przed rozpocz\u0119ciem pracy u pracodawcy. Sprawd\u017a check list\u0119 i przygotuj si\u0119!\",\"breadcrumb\":{\"@id\":\"https:\/\/jobimpulse.pl\/en\/information-for-candidates\/#breadcrumb\"},\"inLanguage\":\"en-GB\",\"potentialAction\":[{\"@type\":\"ReadAction\",\"target\":[\"https:\/\/jobimpulse.pl\/en\/information-for-candidates\/\"]}]},{\"@type\":\"BreadcrumbList\",\"@id\":\"https:\/\/jobimpulse.pl\/en\/information-for-candidates\/#breadcrumb\",\"itemListElement\":[{\"@type\":\"ListItem\",\"position\":1,\"name\":\"Home\",\"item\":\"https:\/\/jobimpulse.pl\/en\/\"},{\"@type\":\"ListItem\",\"position\":2,\"name\":\"Information for candidates\"}]},{\"@type\":\"WebSite\",\"@id\":\"https:\/\/jobimpulse.pl\/en\/#website\",\"url\":\"https:\/\/jobimpulse.pl\/en\/\",\"name\":\"Jobimpulse.pl\",\"description\":\"\",\"potentialAction\":[{\"@type\":\"SearchAction\",\"target\":{\"@type\":\"EntryPoint\",\"urlTemplate\":\"https:\/\/jobimpulse.pl\/en\/?s={search_term_string}\"},\"query-input\":{\"@type\":\"PropertyValueSpecification\",\"valueRequired\":true,\"valueName\":\"search_term_string\"}}],\"inLanguage\":\"en-GB\"}]}<\/script>\n<!-- \/ Yoast SEO Premium plugin. -->","yoast_head_json":{"title":"Information for candidates - Jobimpulse.pl","description":"Zebrali\u015bmy wszystkie informacje, kt\u00f3re musi wiedzie\u0107 kandydat przed rozpocz\u0119ciem pracy u pracodawcy. Sprawd\u017a check list\u0119 i przygotuj si\u0119!","robots":{"index":"index","follow":"follow","max-snippet":"max-snippet:-1","max-image-preview":"max-image-preview:large","max-video-preview":"max-video-preview:-1"},"canonical":"https:\/\/jobimpulse.pl\/en\/information-for-candidates\/","og_locale":"en_GB","og_type":"article","og_title":"Information for candidates","og_description":"Zebrali\u015bmy wszystkie informacje, kt\u00f3re musi wiedzie\u0107 kandydat przed rozpocz\u0119ciem pracy u pracodawcy. Sprawd\u017a check list\u0119 i przygotuj si\u0119!","og_url":"https:\/\/jobimpulse.pl\/en\/information-for-candidates\/","og_site_name":"Jobimpulse.pl","article_modified_time":"2024-03-22T16:39:50+00:00","twitter_card":"summary_large_image","schema":{"@context":"https:\/\/schema.org","@graph":[{"@type":"WebPage","@id":"https:\/\/jobimpulse.pl\/en\/information-for-candidates\/","url":"https:\/\/jobimpulse.pl\/en\/information-for-candidates\/","name":"Information for candidates - Jobimpulse.pl","isPartOf":{"@id":"https:\/\/jobimpulse.pl\/en\/#website"},"datePublished":"2021-12-21T08:07:58+00:00","dateModified":"2024-03-22T16:39:50+00:00","description":"Zebrali\u015bmy wszystkie informacje, kt\u00f3re musi wiedzie\u0107 kandydat przed rozpocz\u0119ciem pracy u pracodawcy. Sprawd\u017a check list\u0119 i przygotuj si\u0119!","breadcrumb":{"@id":"https:\/\/jobimpulse.pl\/en\/information-for-candidates\/#breadcrumb"},"inLanguage":"en-GB","potentialAction":[{"@type":"ReadAction","target":["https:\/\/jobimpulse.pl\/en\/information-for-candidates\/"]}]},{"@type":"BreadcrumbList","@id":"https:\/\/jobimpulse.pl\/en\/information-for-candidates\/#breadcrumb","itemListElement":[{"@type":"ListItem","position":1,"name":"Home","item":"https:\/\/jobimpulse.pl\/en\/"},{"@type":"ListItem","position":2,"name":"Information for candidates"}]},{"@type":"WebSite","@id":"https:\/\/jobimpulse.pl\/en\/#website","url":"https:\/\/jobimpulse.pl\/en\/","name":"Jobimpulse.pl","description":"","potentialAction":[{"@type":"SearchAction","target":{"@type":"EntryPoint","urlTemplate":"https:\/\/jobimpulse.pl\/en\/?s={search_term_string}"},"query-input":{"@type":"PropertyValueSpecification","valueRequired":true,"valueName":"search_term_string"}}],"inLanguage":"en-GB"}]}},"_links":{"self":[{"href":"https:\/\/jobimpulse.pl\/en\/wp-json\/wp\/v2\/pages\/1725","targetHints":{"allow":["GET"]}}],"collection":[{"href":"https:\/\/jobimpulse.pl\/en\/wp-json\/wp\/v2\/pages"}],"about":[{"href":"https:\/\/jobimpulse.pl\/en\/wp-json\/wp\/v2\/types\/page"}],"author":[{"embeddable":true,"href":"https:\/\/jobimpulse.pl\/en\/wp-json\/wp\/v2\/users\/1"}],"replies":[{"embeddable":true,"href":"https:\/\/jobimpulse.pl\/en\/wp-json\/wp\/v2\/comments?post=1725"}],"version-history":[{"count":1,"href":"https:\/\/jobimpulse.pl\/en\/wp-json\/wp\/v2\/pages\/1725\/revisions"}],"predecessor-version":[{"id":1726,"href":"https:\/\/jobimpulse.pl\/en\/wp-json\/wp\/v2\/pages\/1725\/revisions\/1726"}],"wp:attachment":[{"href":"https:\/\/jobimpulse.pl\/en\/wp-json\/wp\/v2\/media?parent=1725"}],"wp:term":[{"taxonomy":"category","embeddable":true,"href":"https:\/\/jobimpulse.pl\/en\/wp-json\/wp\/v2\/categories?post=1725"},{"taxonomy":"post_tag","embeddable":true,"href":"https:\/\/jobimpulse.pl\/en\/wp-json\/wp\/v2\/tags?post=1725"}],"curies":[{"name":"wp","href":"https:\/\/api.w.org\/{rel}","templated":true}]}}