{"id":1728,"date":"2021-12-17T09:40:54","date_gmt":"2021-12-17T08:40:54","guid":{"rendered":"http:\/\/jobimpulse.pl\/?page_id=1728"},"modified":"2024-03-22T17:32:34","modified_gmt":"2024-03-22T16:32:34","slug":"who-we-are","status":"publish","type":"page","link":"https:\/\/jobimpulse.pl\/en\/who-we-are\/","title":{"rendered":"Who we are"},"content":{"rendered":"\n<p>Agencja pracy tymczasowej Job Impulse prowadzi rekrutacje pracownik\u00f3w tymczasowych i rekrutacje sta\u0142e. Zapewniamy legalne zatrudnienie cudzoziemc\u00f3w i w\u0142\u0105czenie do pracy os\u00f3b z niepe\u0142nosprawno\u015bci\u0105.<\/p>\n","protected":false},"excerpt":{"rendered":"<p>Agencja pracy tymczasowej Job Impulse prowadzi rekrutacje pracownik\u00f3w tymczasowych i rekrutacje sta\u0142e. Zapewniamy legalne zatrudnienie cudzoziemc\u00f3w i w\u0142\u0105czenie do pracy os\u00f3b z niepe\u0142nosprawno\u015bci\u0105.<\/p>\n","protected":false},"author":1,"featured_media":0,"parent":0,"menu_order":0,"comment_status":"closed","ping_status":"closed","template":"who-we-are-template.php","meta":{"footnotes":""},"categories":[],"tags":[213,209,223,224,208,212,214,222],"class_list":["post-1728","page","type-page","status-publish","hentry","tag-agencja-pracy-en","tag-agencja-pracy-tymczasowej-en","tag-agencja-zatrudnienia-en","tag-praca-en","tag-praca-tymczasowa-en","tag-praca-w-polsce-en","tag-zatrudnianie-cudzoziemcow-en","tag-zatrudnianie-osob-z-niepelnosprawnosciami-en"],"yoast_head":"<!-- This site is optimized with the Yoast SEO Premium plugin v26.6 (Yoast SEO v26.6) - https:\/\/yoast.com\/wordpress\/plugins\/seo\/ -->\n<title>Who we are - Jobimpulse.pl<\/title>\n<meta name=\"description\" content=\"Nasza agencja pracy tymczasowej rekrutuje pracownik\u00f3w tymczasowych, prowadzi rekrutacje sta\u0142e i zapewnia legalne zatrudnienie cudzoziemc\u00f3w.\" \/>\n<meta name=\"robots\" content=\"index, follow, max-snippet:-1, max-image-preview:large, max-video-preview:-1\" \/>\n<link rel=\"canonical\" href=\"https:\/\/jobimpulse.pl\/en\/who-we-are\/\" \/>\n<meta property=\"og:locale\" content=\"en_GB\" \/>\n<meta property=\"og:type\" content=\"article\" \/>\n<meta property=\"og:title\" content=\"Who we are\" \/>\n<meta property=\"og:description\" content=\"Nasza agencja pracy tymczasowej rekrutuje pracownik\u00f3w tymczasowych, prowadzi rekrutacje sta\u0142e i zapewnia legalne zatrudnienie cudzoziemc\u00f3w.\" \/>\n<meta property=\"og:url\" content=\"https:\/\/jobimpulse.pl\/en\/who-we-are\/\" \/>\n<meta property=\"og:site_name\" content=\"Jobimpulse.pl\" \/>\n<meta property=\"article:modified_time\" content=\"2024-03-22T16:32:34+00:00\" \/>\n<meta name=\"twitter:card\" content=\"summary_large_image\" \/>\n<script type=\"application\/ld+json\" class=\"yoast-schema-graph\">{\"@context\":\"https:\/\/schema.org\",\"@graph\":[{\"@type\":\"WebPage\",\"@id\":\"https:\/\/jobimpulse.pl\/en\/who-we-are\/\",\"url\":\"https:\/\/jobimpulse.pl\/en\/who-we-are\/\",\"name\":\"Who we are - Jobimpulse.pl\",\"isPartOf\":{\"@id\":\"https:\/\/jobimpulse.pl\/en\/#website\"},\"datePublished\":\"2021-12-17T08:40:54+00:00\",\"dateModified\":\"2024-03-22T16:32:34+00:00\",\"description\":\"Nasza agencja pracy tymczasowej rekrutuje pracownik\u00f3w tymczasowych, prowadzi rekrutacje sta\u0142e i zapewnia legalne zatrudnienie cudzoziemc\u00f3w.\",\"breadcrumb\":{\"@id\":\"https:\/\/jobimpulse.pl\/en\/who-we-are\/#breadcrumb\"},\"inLanguage\":\"en-GB\",\"potentialAction\":[{\"@type\":\"ReadAction\",\"target\":[\"https:\/\/jobimpulse.pl\/en\/who-we-are\/\"]}]},{\"@type\":\"BreadcrumbList\",\"@id\":\"https:\/\/jobimpulse.pl\/en\/who-we-are\/#breadcrumb\",\"itemListElement\":[{\"@type\":\"ListItem\",\"position\":1,\"name\":\"Home\",\"item\":\"https:\/\/jobimpulse.pl\/en\/\"},{\"@type\":\"ListItem\",\"position\":2,\"name\":\"Who we are\"}]},{\"@type\":\"WebSite\",\"@id\":\"https:\/\/jobimpulse.pl\/en\/#website\",\"url\":\"https:\/\/jobimpulse.pl\/en\/\",\"name\":\"Jobimpulse.pl\",\"description\":\"\",\"potentialAction\":[{\"@type\":\"SearchAction\",\"target\":{\"@type\":\"EntryPoint\",\"urlTemplate\":\"https:\/\/jobimpulse.pl\/en\/?s={search_term_string}\"},\"query-input\":{\"@type\":\"PropertyValueSpecification\",\"valueRequired\":true,\"valueName\":\"search_term_string\"}}],\"inLanguage\":\"en-GB\"}]}<\/script>\n<!-- \/ Yoast SEO Premium plugin. -->","yoast_head_json":{"title":"Who we are - Jobimpulse.pl","description":"Nasza agencja pracy tymczasowej rekrutuje pracownik\u00f3w tymczasowych, prowadzi rekrutacje sta\u0142e i zapewnia legalne zatrudnienie cudzoziemc\u00f3w.","robots":{"index":"index","follow":"follow","max-snippet":"max-snippet:-1","max-image-preview":"max-image-preview:large","max-video-preview":"max-video-preview:-1"},"canonical":"https:\/\/jobimpulse.pl\/en\/who-we-are\/","og_locale":"en_GB","og_type":"article","og_title":"Who we are","og_description":"Nasza agencja pracy tymczasowej rekrutuje pracownik\u00f3w tymczasowych, prowadzi rekrutacje sta\u0142e i zapewnia legalne zatrudnienie cudzoziemc\u00f3w.","og_url":"https:\/\/jobimpulse.pl\/en\/who-we-are\/","og_site_name":"Jobimpulse.pl","article_modified_time":"2024-03-22T16:32:34+00:00","twitter_card":"summary_large_image","schema":{"@context":"https:\/\/schema.org","@graph":[{"@type":"WebPage","@id":"https:\/\/jobimpulse.pl\/en\/who-we-are\/","url":"https:\/\/jobimpulse.pl\/en\/who-we-are\/","name":"Who we are - Jobimpulse.pl","isPartOf":{"@id":"https:\/\/jobimpulse.pl\/en\/#website"},"datePublished":"2021-12-17T08:40:54+00:00","dateModified":"2024-03-22T16:32:34+00:00","description":"Nasza agencja pracy tymczasowej rekrutuje pracownik\u00f3w tymczasowych, prowadzi rekrutacje sta\u0142e i zapewnia legalne zatrudnienie cudzoziemc\u00f3w.","breadcrumb":{"@id":"https:\/\/jobimpulse.pl\/en\/who-we-are\/#breadcrumb"},"inLanguage":"en-GB","potentialAction":[{"@type":"ReadAction","target":["https:\/\/jobimpulse.pl\/en\/who-we-are\/"]}]},{"@type":"BreadcrumbList","@id":"https:\/\/jobimpulse.pl\/en\/who-we-are\/#breadcrumb","itemListElement":[{"@type":"ListItem","position":1,"name":"Home","item":"https:\/\/jobimpulse.pl\/en\/"},{"@type":"ListItem","position":2,"name":"Who we are"}]},{"@type":"WebSite","@id":"https:\/\/jobimpulse.pl\/en\/#website","url":"https:\/\/jobimpulse.pl\/en\/","name":"Jobimpulse.pl","description":"","potentialAction":[{"@type":"SearchAction","target":{"@type":"EntryPoint","urlTemplate":"https:\/\/jobimpulse.pl\/en\/?s={search_term_string}"},"query-input":{"@type":"PropertyValueSpecification","valueRequired":true,"valueName":"search_term_string"}}],"inLanguage":"en-GB"}]}},"_links":{"self":[{"href":"https:\/\/jobimpulse.pl\/en\/wp-json\/wp\/v2\/pages\/1728","targetHints":{"allow":["GET"]}}],"collection":[{"href":"https:\/\/jobimpulse.pl\/en\/wp-json\/wp\/v2\/pages"}],"about":[{"href":"https:\/\/jobimpulse.pl\/en\/wp-json\/wp\/v2\/types\/page"}],"author":[{"embeddable":true,"href":"https:\/\/jobimpulse.pl\/en\/wp-json\/wp\/v2\/users\/1"}],"replies":[{"embeddable":true,"href":"https:\/\/jobimpulse.pl\/en\/wp-json\/wp\/v2\/comments?post=1728"}],"version-history":[{"count":1,"href":"https:\/\/jobimpulse.pl\/en\/wp-json\/wp\/v2\/pages\/1728\/revisions"}],"predecessor-version":[{"id":1729,"href":"https:\/\/jobimpulse.pl\/en\/wp-json\/wp\/v2\/pages\/1728\/revisions\/1729"}],"wp:attachment":[{"href":"https:\/\/jobimpulse.pl\/en\/wp-json\/wp\/v2\/media?parent=1728"}],"wp:term":[{"taxonomy":"category","embeddable":true,"href":"https:\/\/jobimpulse.pl\/en\/wp-json\/wp\/v2\/categories?post=1728"},{"taxonomy":"post_tag","embeddable":true,"href":"https:\/\/jobimpulse.pl\/en\/wp-json\/wp\/v2\/tags?post=1728"}],"curies":[{"name":"wp","href":"https:\/\/api.w.org\/{rel}","templated":true}]}}