{"id":1749,"date":"2022-01-07T14:02:23","date_gmt":"2022-01-07T13:02:23","guid":{"rendered":"http:\/\/jobimpulse.pl\/?page_id=1749"},"modified":"2024-03-22T17:29:46","modified_gmt":"2024-03-22T16:29:46","slug":"office-angels-front-desk-service","status":"publish","type":"page","link":"https:\/\/jobimpulse.pl\/en\/office-angels-front-desk-service\/","title":{"rendered":"Office Angels Front Desk Service"},"content":{"rendered":"","protected":false},"excerpt":{"rendered":"<p>Recepcja to pierwsza linia kontaktu z klientem, dlatego tak wa\u017cne jest, aby ka\u017cdy Tw\u00f3j go\u015b\u0107 ju\u017c od progu spotka\u0142 si\u0119 z mi\u0142ym powitaniem oraz profesjonalnym przyj\u0119ciem. <\/p>\n","protected":false},"author":1,"featured_media":1371,"parent":0,"menu_order":0,"comment_status":"closed","ping_status":"closed","template":"office-angels-template.php","meta":{"footnotes":""},"categories":[180],"tags":[244,245,246,247,249,248],"class_list":["post-1749","page","type-page","status-publish","has-post-thumbnail","hentry","category-uncategorized","tag-obsluga-recepcji-en","tag-office-angels-en","tag-praca-na-recepcji-en","tag-recepcja-en","tag-recepcjonista-en","tag-recepcjonistka-en"],"yoast_head":"<!-- This site is optimized with the Yoast SEO Premium plugin v26.6 (Yoast SEO v26.6) - https:\/\/yoast.com\/wordpress\/plugins\/seo\/ -->\n<title>Office Angels Front Desk Service - Jobimpulse.pl<\/title>\n<meta name=\"description\" content=\"Obs\u0142uga recepcji w naszym wykonaniu obejmuje rekrutacj\u0119, szkolenia, proces zatrudnienia i nadzorowanie pracy recepcjonistek i recepcjonist\u00f3w.\" \/>\n<meta name=\"robots\" content=\"index, follow, max-snippet:-1, max-image-preview:large, max-video-preview:-1\" \/>\n<link rel=\"canonical\" href=\"https:\/\/jobimpulse.pl\/en\/office-angels-front-desk-service\/\" \/>\n<meta property=\"og:locale\" content=\"en_GB\" \/>\n<meta property=\"og:type\" content=\"article\" \/>\n<meta property=\"og:title\" content=\"Office Angels Front Desk Service\" \/>\n<meta property=\"og:description\" content=\"Obs\u0142uga recepcji w naszym wykonaniu obejmuje rekrutacj\u0119, szkolenia, proces zatrudnienia i nadzorowanie pracy recepcjonistek i recepcjonist\u00f3w.\" \/>\n<meta property=\"og:url\" content=\"https:\/\/jobimpulse.pl\/en\/office-angels-front-desk-service\/\" \/>\n<meta property=\"og:site_name\" content=\"Jobimpulse.pl\" \/>\n<meta property=\"article:modified_time\" content=\"2024-03-22T16:29:46+00:00\" \/>\n<meta property=\"og:image\" content=\"https:\/\/jobimpulse.pl\/wp-content\/uploads\/2022\/01\/our-services-oe.jpg\" \/>\n\t<meta property=\"og:image:width\" content=\"750\" \/>\n\t<meta property=\"og:image:height\" content=\"324\" \/>\n\t<meta property=\"og:image:type\" content=\"image\/jpeg\" \/>\n<meta name=\"twitter:card\" content=\"summary_large_image\" \/>\n<script type=\"application\/ld+json\" class=\"yoast-schema-graph\">{\"@context\":\"https:\/\/schema.org\",\"@graph\":[{\"@type\":\"WebPage\",\"@id\":\"https:\/\/jobimpulse.pl\/en\/office-angels-front-desk-service\/\",\"url\":\"https:\/\/jobimpulse.pl\/en\/office-angels-front-desk-service\/\",\"name\":\"Office Angels Front Desk Service - Jobimpulse.pl\",\"isPartOf\":{\"@id\":\"https:\/\/jobimpulse.pl\/en\/#website\"},\"primaryImageOfPage\":{\"@id\":\"https:\/\/jobimpulse.pl\/en\/office-angels-front-desk-service\/#primaryimage\"},\"image\":{\"@id\":\"https:\/\/jobimpulse.pl\/en\/office-angels-front-desk-service\/#primaryimage\"},\"thumbnailUrl\":\"https:\/\/jobimpulse.pl\/wp-content\/uploads\/2022\/01\/our-services-oe.jpg\",\"datePublished\":\"2022-01-07T13:02:23+00:00\",\"dateModified\":\"2024-03-22T16:29:46+00:00\",\"description\":\"Obs\u0142uga recepcji w naszym wykonaniu obejmuje rekrutacj\u0119, szkolenia, proces zatrudnienia i nadzorowanie pracy recepcjonistek i recepcjonist\u00f3w.\",\"breadcrumb\":{\"@id\":\"https:\/\/jobimpulse.pl\/en\/office-angels-front-desk-service\/#breadcrumb\"},\"inLanguage\":\"en-GB\",\"potentialAction\":[{\"@type\":\"ReadAction\",\"target\":[\"https:\/\/jobimpulse.pl\/en\/office-angels-front-desk-service\/\"]}]},{\"@type\":\"ImageObject\",\"inLanguage\":\"en-GB\",\"@id\":\"https:\/\/jobimpulse.pl\/en\/office-angels-front-desk-service\/#primaryimage\",\"url\":\"https:\/\/jobimpulse.pl\/wp-content\/uploads\/2022\/01\/our-services-oe.jpg\",\"contentUrl\":\"https:\/\/jobimpulse.pl\/wp-content\/uploads\/2022\/01\/our-services-oe.jpg\",\"width\":750,\"height\":324},{\"@type\":\"BreadcrumbList\",\"@id\":\"https:\/\/jobimpulse.pl\/en\/office-angels-front-desk-service\/#breadcrumb\",\"itemListElement\":[{\"@type\":\"ListItem\",\"position\":1,\"name\":\"Home\",\"item\":\"https:\/\/jobimpulse.pl\/en\/\"},{\"@type\":\"ListItem\",\"position\":2,\"name\":\"Office Angels Front Desk Service\"}]},{\"@type\":\"WebSite\",\"@id\":\"https:\/\/jobimpulse.pl\/en\/#website\",\"url\":\"https:\/\/jobimpulse.pl\/en\/\",\"name\":\"Jobimpulse.pl\",\"description\":\"\",\"potentialAction\":[{\"@type\":\"SearchAction\",\"target\":{\"@type\":\"EntryPoint\",\"urlTemplate\":\"https:\/\/jobimpulse.pl\/en\/?s={search_term_string}\"},\"query-input\":{\"@type\":\"PropertyValueSpecification\",\"valueRequired\":true,\"valueName\":\"search_term_string\"}}],\"inLanguage\":\"en-GB\"}]}<\/script>\n<!-- \/ Yoast SEO Premium plugin. -->","yoast_head_json":{"title":"Office Angels Front Desk Service - Jobimpulse.pl","description":"Obs\u0142uga recepcji w naszym wykonaniu obejmuje rekrutacj\u0119, szkolenia, proces zatrudnienia i nadzorowanie pracy recepcjonistek i recepcjonist\u00f3w.","robots":{"index":"index","follow":"follow","max-snippet":"max-snippet:-1","max-image-preview":"max-image-preview:large","max-video-preview":"max-video-preview:-1"},"canonical":"https:\/\/jobimpulse.pl\/en\/office-angels-front-desk-service\/","og_locale":"en_GB","og_type":"article","og_title":"Office Angels Front Desk Service","og_description":"Obs\u0142uga recepcji w naszym wykonaniu obejmuje rekrutacj\u0119, szkolenia, proces zatrudnienia i nadzorowanie pracy recepcjonistek i recepcjonist\u00f3w.","og_url":"https:\/\/jobimpulse.pl\/en\/office-angels-front-desk-service\/","og_site_name":"Jobimpulse.pl","article_modified_time":"2024-03-22T16:29:46+00:00","og_image":[{"width":750,"height":324,"url":"https:\/\/jobimpulse.pl\/wp-content\/uploads\/2022\/01\/our-services-oe.jpg","type":"image\/jpeg"}],"twitter_card":"summary_large_image","schema":{"@context":"https:\/\/schema.org","@graph":[{"@type":"WebPage","@id":"https:\/\/jobimpulse.pl\/en\/office-angels-front-desk-service\/","url":"https:\/\/jobimpulse.pl\/en\/office-angels-front-desk-service\/","name":"Office Angels Front Desk Service - Jobimpulse.pl","isPartOf":{"@id":"https:\/\/jobimpulse.pl\/en\/#website"},"primaryImageOfPage":{"@id":"https:\/\/jobimpulse.pl\/en\/office-angels-front-desk-service\/#primaryimage"},"image":{"@id":"https:\/\/jobimpulse.pl\/en\/office-angels-front-desk-service\/#primaryimage"},"thumbnailUrl":"https:\/\/jobimpulse.pl\/wp-content\/uploads\/2022\/01\/our-services-oe.jpg","datePublished":"2022-01-07T13:02:23+00:00","dateModified":"2024-03-22T16:29:46+00:00","description":"Obs\u0142uga recepcji w naszym wykonaniu obejmuje rekrutacj\u0119, szkolenia, proces zatrudnienia i nadzorowanie pracy recepcjonistek i recepcjonist\u00f3w.","breadcrumb":{"@id":"https:\/\/jobimpulse.pl\/en\/office-angels-front-desk-service\/#breadcrumb"},"inLanguage":"en-GB","potentialAction":[{"@type":"ReadAction","target":["https:\/\/jobimpulse.pl\/en\/office-angels-front-desk-service\/"]}]},{"@type":"ImageObject","inLanguage":"en-GB","@id":"https:\/\/jobimpulse.pl\/en\/office-angels-front-desk-service\/#primaryimage","url":"https:\/\/jobimpulse.pl\/wp-content\/uploads\/2022\/01\/our-services-oe.jpg","contentUrl":"https:\/\/jobimpulse.pl\/wp-content\/uploads\/2022\/01\/our-services-oe.jpg","width":750,"height":324},{"@type":"BreadcrumbList","@id":"https:\/\/jobimpulse.pl\/en\/office-angels-front-desk-service\/#breadcrumb","itemListElement":[{"@type":"ListItem","position":1,"name":"Home","item":"https:\/\/jobimpulse.pl\/en\/"},{"@type":"ListItem","position":2,"name":"Office Angels Front Desk Service"}]},{"@type":"WebSite","@id":"https:\/\/jobimpulse.pl\/en\/#website","url":"https:\/\/jobimpulse.pl\/en\/","name":"Jobimpulse.pl","description":"","potentialAction":[{"@type":"SearchAction","target":{"@type":"EntryPoint","urlTemplate":"https:\/\/jobimpulse.pl\/en\/?s={search_term_string}"},"query-input":{"@type":"PropertyValueSpecification","valueRequired":true,"valueName":"search_term_string"}}],"inLanguage":"en-GB"}]}},"_links":{"self":[{"href":"https:\/\/jobimpulse.pl\/en\/wp-json\/wp\/v2\/pages\/1749","targetHints":{"allow":["GET"]}}],"collection":[{"href":"https:\/\/jobimpulse.pl\/en\/wp-json\/wp\/v2\/pages"}],"about":[{"href":"https:\/\/jobimpulse.pl\/en\/wp-json\/wp\/v2\/types\/page"}],"author":[{"embeddable":true,"href":"https:\/\/jobimpulse.pl\/en\/wp-json\/wp\/v2\/users\/1"}],"replies":[{"embeddable":true,"href":"https:\/\/jobimpulse.pl\/en\/wp-json\/wp\/v2\/comments?post=1749"}],"version-history":[{"count":1,"href":"https:\/\/jobimpulse.pl\/en\/wp-json\/wp\/v2\/pages\/1749\/revisions"}],"predecessor-version":[{"id":1929,"href":"https:\/\/jobimpulse.pl\/en\/wp-json\/wp\/v2\/pages\/1749\/revisions\/1929"}],"wp:featuredmedia":[{"embeddable":true,"href":"https:\/\/jobimpulse.pl\/en\/wp-json\/wp\/v2\/media\/1371"}],"wp:attachment":[{"href":"https:\/\/jobimpulse.pl\/en\/wp-json\/wp\/v2\/media?parent=1749"}],"wp:term":[{"taxonomy":"category","embeddable":true,"href":"https:\/\/jobimpulse.pl\/en\/wp-json\/wp\/v2\/categories?post=1749"},{"taxonomy":"post_tag","embeddable":true,"href":"https:\/\/jobimpulse.pl\/en\/wp-json\/wp\/v2\/tags?post=1749"}],"curies":[{"name":"wp","href":"https:\/\/api.w.org\/{rel}","templated":true}]}}