{"id":1761,"date":"2022-01-07T14:01:01","date_gmt":"2022-01-07T13:01:01","guid":{"rendered":"http:\/\/jobimpulse.pl\/?page_id=1761"},"modified":"2024-03-22T17:30:23","modified_gmt":"2024-03-22T16:30:23","slug":"process-outsourcing","status":"publish","type":"page","link":"https:\/\/jobimpulse.pl\/en\/process-outsourcing\/","title":{"rendered":"Process outsourcing"},"content":{"rendered":"","protected":false},"excerpt":{"rendered":"<p>Optymalizujemy procesy administracyjne, produkcyjne i logistyczne w Twojej firmie, przejmujemy wybrane obszary dzia\u0142alno\u015bci, zmniejszaj\u0105c koszty i zwi\u0119kszaj\u0105c efektywno\u015b\u0107.<\/p>\n","protected":false},"author":1,"featured_media":1369,"parent":0,"menu_order":0,"comment_status":"closed","ping_status":"closed","template":"outsourcing-template.php","meta":{"footnotes":""},"categories":[180],"tags":[265,264],"class_list":["post-1761","page","type-page","status-publish","has-post-thumbnail","hentry","category-uncategorized","tag-optymalizacja-en","tag-outsourcing-en"],"yoast_head":"<!-- This site is optimized with the Yoast SEO Premium plugin v26.6 (Yoast SEO v26.6) - https:\/\/yoast.com\/wordpress\/plugins\/seo\/ -->\n<title>Process outsourcing - Jobimpulse.pl<\/title>\n<meta name=\"description\" content=\"Optymalizujemy procesy administracyjne, produkcyjne i logistyczne. Sprawd\u017a, jak pomo\u017cemy zwi\u0119kszy\u0107 efektywno\u015b\u0107 w Twojej firmie.\" \/>\n<meta name=\"robots\" content=\"index, follow, max-snippet:-1, max-image-preview:large, max-video-preview:-1\" \/>\n<link rel=\"canonical\" href=\"https:\/\/jobimpulse.pl\/en\/process-outsourcing\/\" \/>\n<meta property=\"og:locale\" content=\"en_GB\" \/>\n<meta property=\"og:type\" content=\"article\" \/>\n<meta property=\"og:title\" content=\"Process outsourcing\" \/>\n<meta property=\"og:description\" content=\"Optymalizujemy procesy administracyjne, produkcyjne i logistyczne. Sprawd\u017a, jak pomo\u017cemy zwi\u0119kszy\u0107 efektywno\u015b\u0107 w Twojej firmie.\" \/>\n<meta property=\"og:url\" content=\"https:\/\/jobimpulse.pl\/en\/process-outsourcing\/\" \/>\n<meta property=\"og:site_name\" content=\"Jobimpulse.pl\" \/>\n<meta property=\"article:modified_time\" content=\"2024-03-22T16:30:23+00:00\" \/>\n<meta property=\"og:image\" content=\"https:\/\/jobimpulse.pl\/wp-content\/uploads\/2022\/01\/our-services-op.jpg\" \/>\n\t<meta property=\"og:image:width\" content=\"750\" \/>\n\t<meta property=\"og:image:height\" content=\"324\" \/>\n\t<meta property=\"og:image:type\" content=\"image\/jpeg\" \/>\n<meta name=\"twitter:card\" content=\"summary_large_image\" \/>\n<script type=\"application\/ld+json\" class=\"yoast-schema-graph\">{\"@context\":\"https:\/\/schema.org\",\"@graph\":[{\"@type\":\"WebPage\",\"@id\":\"https:\/\/jobimpulse.pl\/en\/process-outsourcing\/\",\"url\":\"https:\/\/jobimpulse.pl\/en\/process-outsourcing\/\",\"name\":\"Process outsourcing - Jobimpulse.pl\",\"isPartOf\":{\"@id\":\"https:\/\/jobimpulse.pl\/en\/#website\"},\"primaryImageOfPage\":{\"@id\":\"https:\/\/jobimpulse.pl\/en\/process-outsourcing\/#primaryimage\"},\"image\":{\"@id\":\"https:\/\/jobimpulse.pl\/en\/process-outsourcing\/#primaryimage\"},\"thumbnailUrl\":\"https:\/\/jobimpulse.pl\/wp-content\/uploads\/2022\/01\/our-services-op.jpg\",\"datePublished\":\"2022-01-07T13:01:01+00:00\",\"dateModified\":\"2024-03-22T16:30:23+00:00\",\"description\":\"Optymalizujemy procesy administracyjne, produkcyjne i logistyczne. Sprawd\u017a, jak pomo\u017cemy zwi\u0119kszy\u0107 efektywno\u015b\u0107 w Twojej firmie.\",\"breadcrumb\":{\"@id\":\"https:\/\/jobimpulse.pl\/en\/process-outsourcing\/#breadcrumb\"},\"inLanguage\":\"en-GB\",\"potentialAction\":[{\"@type\":\"ReadAction\",\"target\":[\"https:\/\/jobimpulse.pl\/en\/process-outsourcing\/\"]}]},{\"@type\":\"ImageObject\",\"inLanguage\":\"en-GB\",\"@id\":\"https:\/\/jobimpulse.pl\/en\/process-outsourcing\/#primaryimage\",\"url\":\"https:\/\/jobimpulse.pl\/wp-content\/uploads\/2022\/01\/our-services-op.jpg\",\"contentUrl\":\"https:\/\/jobimpulse.pl\/wp-content\/uploads\/2022\/01\/our-services-op.jpg\",\"width\":750,\"height\":324},{\"@type\":\"BreadcrumbList\",\"@id\":\"https:\/\/jobimpulse.pl\/en\/process-outsourcing\/#breadcrumb\",\"itemListElement\":[{\"@type\":\"ListItem\",\"position\":1,\"name\":\"Home\",\"item\":\"https:\/\/jobimpulse.pl\/en\/\"},{\"@type\":\"ListItem\",\"position\":2,\"name\":\"Process outsourcing\"}]},{\"@type\":\"WebSite\",\"@id\":\"https:\/\/jobimpulse.pl\/en\/#website\",\"url\":\"https:\/\/jobimpulse.pl\/en\/\",\"name\":\"Jobimpulse.pl\",\"description\":\"\",\"potentialAction\":[{\"@type\":\"SearchAction\",\"target\":{\"@type\":\"EntryPoint\",\"urlTemplate\":\"https:\/\/jobimpulse.pl\/en\/?s={search_term_string}\"},\"query-input\":{\"@type\":\"PropertyValueSpecification\",\"valueRequired\":true,\"valueName\":\"search_term_string\"}}],\"inLanguage\":\"en-GB\"}]}<\/script>\n<!-- \/ Yoast SEO Premium plugin. -->","yoast_head_json":{"title":"Process outsourcing - Jobimpulse.pl","description":"Optymalizujemy procesy administracyjne, produkcyjne i logistyczne. Sprawd\u017a, jak pomo\u017cemy zwi\u0119kszy\u0107 efektywno\u015b\u0107 w Twojej firmie.","robots":{"index":"index","follow":"follow","max-snippet":"max-snippet:-1","max-image-preview":"max-image-preview:large","max-video-preview":"max-video-preview:-1"},"canonical":"https:\/\/jobimpulse.pl\/en\/process-outsourcing\/","og_locale":"en_GB","og_type":"article","og_title":"Process outsourcing","og_description":"Optymalizujemy procesy administracyjne, produkcyjne i logistyczne. Sprawd\u017a, jak pomo\u017cemy zwi\u0119kszy\u0107 efektywno\u015b\u0107 w Twojej firmie.","og_url":"https:\/\/jobimpulse.pl\/en\/process-outsourcing\/","og_site_name":"Jobimpulse.pl","article_modified_time":"2024-03-22T16:30:23+00:00","og_image":[{"width":750,"height":324,"url":"https:\/\/jobimpulse.pl\/wp-content\/uploads\/2022\/01\/our-services-op.jpg","type":"image\/jpeg"}],"twitter_card":"summary_large_image","schema":{"@context":"https:\/\/schema.org","@graph":[{"@type":"WebPage","@id":"https:\/\/jobimpulse.pl\/en\/process-outsourcing\/","url":"https:\/\/jobimpulse.pl\/en\/process-outsourcing\/","name":"Process outsourcing - Jobimpulse.pl","isPartOf":{"@id":"https:\/\/jobimpulse.pl\/en\/#website"},"primaryImageOfPage":{"@id":"https:\/\/jobimpulse.pl\/en\/process-outsourcing\/#primaryimage"},"image":{"@id":"https:\/\/jobimpulse.pl\/en\/process-outsourcing\/#primaryimage"},"thumbnailUrl":"https:\/\/jobimpulse.pl\/wp-content\/uploads\/2022\/01\/our-services-op.jpg","datePublished":"2022-01-07T13:01:01+00:00","dateModified":"2024-03-22T16:30:23+00:00","description":"Optymalizujemy procesy administracyjne, produkcyjne i logistyczne. Sprawd\u017a, jak pomo\u017cemy zwi\u0119kszy\u0107 efektywno\u015b\u0107 w Twojej firmie.","breadcrumb":{"@id":"https:\/\/jobimpulse.pl\/en\/process-outsourcing\/#breadcrumb"},"inLanguage":"en-GB","potentialAction":[{"@type":"ReadAction","target":["https:\/\/jobimpulse.pl\/en\/process-outsourcing\/"]}]},{"@type":"ImageObject","inLanguage":"en-GB","@id":"https:\/\/jobimpulse.pl\/en\/process-outsourcing\/#primaryimage","url":"https:\/\/jobimpulse.pl\/wp-content\/uploads\/2022\/01\/our-services-op.jpg","contentUrl":"https:\/\/jobimpulse.pl\/wp-content\/uploads\/2022\/01\/our-services-op.jpg","width":750,"height":324},{"@type":"BreadcrumbList","@id":"https:\/\/jobimpulse.pl\/en\/process-outsourcing\/#breadcrumb","itemListElement":[{"@type":"ListItem","position":1,"name":"Home","item":"https:\/\/jobimpulse.pl\/en\/"},{"@type":"ListItem","position":2,"name":"Process outsourcing"}]},{"@type":"WebSite","@id":"https:\/\/jobimpulse.pl\/en\/#website","url":"https:\/\/jobimpulse.pl\/en\/","name":"Jobimpulse.pl","description":"","potentialAction":[{"@type":"SearchAction","target":{"@type":"EntryPoint","urlTemplate":"https:\/\/jobimpulse.pl\/en\/?s={search_term_string}"},"query-input":{"@type":"PropertyValueSpecification","valueRequired":true,"valueName":"search_term_string"}}],"inLanguage":"en-GB"}]}},"_links":{"self":[{"href":"https:\/\/jobimpulse.pl\/en\/wp-json\/wp\/v2\/pages\/1761","targetHints":{"allow":["GET"]}}],"collection":[{"href":"https:\/\/jobimpulse.pl\/en\/wp-json\/wp\/v2\/pages"}],"about":[{"href":"https:\/\/jobimpulse.pl\/en\/wp-json\/wp\/v2\/types\/page"}],"author":[{"embeddable":true,"href":"https:\/\/jobimpulse.pl\/en\/wp-json\/wp\/v2\/users\/1"}],"replies":[{"embeddable":true,"href":"https:\/\/jobimpulse.pl\/en\/wp-json\/wp\/v2\/comments?post=1761"}],"version-history":[{"count":1,"href":"https:\/\/jobimpulse.pl\/en\/wp-json\/wp\/v2\/pages\/1761\/revisions"}],"predecessor-version":[{"id":1932,"href":"https:\/\/jobimpulse.pl\/en\/wp-json\/wp\/v2\/pages\/1761\/revisions\/1932"}],"wp:featuredmedia":[{"embeddable":true,"href":"https:\/\/jobimpulse.pl\/en\/wp-json\/wp\/v2\/media\/1369"}],"wp:attachment":[{"href":"https:\/\/jobimpulse.pl\/en\/wp-json\/wp\/v2\/media?parent=1761"}],"wp:term":[{"taxonomy":"category","embeddable":true,"href":"https:\/\/jobimpulse.pl\/en\/wp-json\/wp\/v2\/categories?post=1761"},{"taxonomy":"post_tag","embeddable":true,"href":"https:\/\/jobimpulse.pl\/en\/wp-json\/wp\/v2\/tags?post=1761"}],"curies":[{"name":"wp","href":"https:\/\/api.w.org\/{rel}","templated":true}]}}