{"id":1771,"date":"2022-01-07T13:54:23","date_gmt":"2022-01-07T12:54:23","guid":{"rendered":"http:\/\/jobimpulse.pl\/?page_id=1771"},"modified":"2024-03-22T17:30:13","modified_gmt":"2024-03-22T16:30:13","slug":"permanent-recruitment","status":"publish","type":"page","link":"https:\/\/jobimpulse.pl\/en\/permanent-recruitment\/","title":{"rendered":"Permanent recruitment"},"content":{"rendered":"","protected":false},"excerpt":{"rendered":"<p>Skutecznie pozyskujemy kandydat\u00f3w na stanowiska wszystkich szczebli. Przejmujemy od dzia\u0142\u00f3w HR czasoch\u0142onne i kosztowne procesy rekrutacji i selekcji pracownik\u00f3w. K\u0142adziemy nacisk na poznanie potrzeb, oczekiwa\u0144 oraz wymaga\u0144 Twojego biznesu, aby zaproponowa\u0107 kandydat\u00f3w o odpowiednich kompetencjach.<\/p>\n","protected":false},"author":1,"featured_media":1379,"parent":0,"menu_order":0,"comment_status":"closed","ping_status":"closed","template":"rekrutacje-stale-template.php","meta":{"footnotes":""},"categories":[180],"tags":[],"class_list":["post-1771","page","type-page","status-publish","has-post-thumbnail","hentry","category-uncategorized"],"yoast_head":"<!-- This site is optimized with the Yoast SEO Premium plugin v26.6 (Yoast SEO v26.6) - https:\/\/yoast.com\/wordpress\/plugins\/seo\/ -->\n<title>Permanent recruitment - Jobimpulse.pl<\/title>\n<meta name=\"robots\" content=\"index, follow, max-snippet:-1, max-image-preview:large, max-video-preview:-1\" \/>\n<link rel=\"canonical\" href=\"https:\/\/jobimpulse.pl\/en\/permanent-recruitment\/\" \/>\n<meta property=\"og:locale\" content=\"en_GB\" \/>\n<meta property=\"og:type\" content=\"article\" \/>\n<meta property=\"og:title\" content=\"Permanent recruitment\" \/>\n<meta property=\"og:description\" content=\"Skutecznie pozyskujemy kandydat\u00f3w na stanowiska wszystkich szczebli. Przejmujemy od dzia\u0142\u00f3w HR czasoch\u0142onne i kosztowne procesy rekrutacji i selekcji pracownik\u00f3w. K\u0142adziemy nacisk na poznanie potrzeb, oczekiwa\u0144 oraz wymaga\u0144 Twojego biznesu, aby zaproponowa\u0107 kandydat\u00f3w o odpowiednich kompetencjach.\" \/>\n<meta property=\"og:url\" content=\"https:\/\/jobimpulse.pl\/en\/permanent-recruitment\/\" \/>\n<meta property=\"og:site_name\" content=\"Jobimpulse.pl\" \/>\n<meta property=\"article:modified_time\" content=\"2024-03-22T16:30:13+00:00\" \/>\n<meta property=\"og:image\" content=\"https:\/\/jobimpulse.pl\/wp-content\/uploads\/2022\/01\/our-services-rekrutacje-stale.jpg\" \/>\n\t<meta property=\"og:image:width\" content=\"750\" \/>\n\t<meta property=\"og:image:height\" content=\"324\" \/>\n\t<meta property=\"og:image:type\" content=\"image\/jpeg\" \/>\n<meta name=\"twitter:card\" content=\"summary_large_image\" \/>\n<script type=\"application\/ld+json\" class=\"yoast-schema-graph\">{\"@context\":\"https:\/\/schema.org\",\"@graph\":[{\"@type\":\"WebPage\",\"@id\":\"https:\/\/jobimpulse.pl\/en\/permanent-recruitment\/\",\"url\":\"https:\/\/jobimpulse.pl\/en\/permanent-recruitment\/\",\"name\":\"Permanent recruitment - Jobimpulse.pl\",\"isPartOf\":{\"@id\":\"https:\/\/jobimpulse.pl\/en\/#website\"},\"primaryImageOfPage\":{\"@id\":\"https:\/\/jobimpulse.pl\/en\/permanent-recruitment\/#primaryimage\"},\"image\":{\"@id\":\"https:\/\/jobimpulse.pl\/en\/permanent-recruitment\/#primaryimage\"},\"thumbnailUrl\":\"https:\/\/jobimpulse.pl\/wp-content\/uploads\/2022\/01\/our-services-rekrutacje-stale.jpg\",\"datePublished\":\"2022-01-07T12:54:23+00:00\",\"dateModified\":\"2024-03-22T16:30:13+00:00\",\"breadcrumb\":{\"@id\":\"https:\/\/jobimpulse.pl\/en\/permanent-recruitment\/#breadcrumb\"},\"inLanguage\":\"en-GB\",\"potentialAction\":[{\"@type\":\"ReadAction\",\"target\":[\"https:\/\/jobimpulse.pl\/en\/permanent-recruitment\/\"]}]},{\"@type\":\"ImageObject\",\"inLanguage\":\"en-GB\",\"@id\":\"https:\/\/jobimpulse.pl\/en\/permanent-recruitment\/#primaryimage\",\"url\":\"https:\/\/jobimpulse.pl\/wp-content\/uploads\/2022\/01\/our-services-rekrutacje-stale.jpg\",\"contentUrl\":\"https:\/\/jobimpulse.pl\/wp-content\/uploads\/2022\/01\/our-services-rekrutacje-stale.jpg\",\"width\":750,\"height\":324},{\"@type\":\"BreadcrumbList\",\"@id\":\"https:\/\/jobimpulse.pl\/en\/permanent-recruitment\/#breadcrumb\",\"itemListElement\":[{\"@type\":\"ListItem\",\"position\":1,\"name\":\"Home\",\"item\":\"https:\/\/jobimpulse.pl\/en\/\"},{\"@type\":\"ListItem\",\"position\":2,\"name\":\"Permanent recruitment\"}]},{\"@type\":\"WebSite\",\"@id\":\"https:\/\/jobimpulse.pl\/en\/#website\",\"url\":\"https:\/\/jobimpulse.pl\/en\/\",\"name\":\"Jobimpulse.pl\",\"description\":\"\",\"potentialAction\":[{\"@type\":\"SearchAction\",\"target\":{\"@type\":\"EntryPoint\",\"urlTemplate\":\"https:\/\/jobimpulse.pl\/en\/?s={search_term_string}\"},\"query-input\":{\"@type\":\"PropertyValueSpecification\",\"valueRequired\":true,\"valueName\":\"search_term_string\"}}],\"inLanguage\":\"en-GB\"}]}<\/script>\n<!-- \/ Yoast SEO Premium plugin. -->","yoast_head_json":{"title":"Permanent recruitment - Jobimpulse.pl","robots":{"index":"index","follow":"follow","max-snippet":"max-snippet:-1","max-image-preview":"max-image-preview:large","max-video-preview":"max-video-preview:-1"},"canonical":"https:\/\/jobimpulse.pl\/en\/permanent-recruitment\/","og_locale":"en_GB","og_type":"article","og_title":"Permanent recruitment","og_description":"Skutecznie pozyskujemy kandydat\u00f3w na stanowiska wszystkich szczebli. Przejmujemy od dzia\u0142\u00f3w HR czasoch\u0142onne i kosztowne procesy rekrutacji i selekcji pracownik\u00f3w. K\u0142adziemy nacisk na poznanie potrzeb, oczekiwa\u0144 oraz wymaga\u0144 Twojego biznesu, aby zaproponowa\u0107 kandydat\u00f3w o odpowiednich kompetencjach.","og_url":"https:\/\/jobimpulse.pl\/en\/permanent-recruitment\/","og_site_name":"Jobimpulse.pl","article_modified_time":"2024-03-22T16:30:13+00:00","og_image":[{"width":750,"height":324,"url":"https:\/\/jobimpulse.pl\/wp-content\/uploads\/2022\/01\/our-services-rekrutacje-stale.jpg","type":"image\/jpeg"}],"twitter_card":"summary_large_image","schema":{"@context":"https:\/\/schema.org","@graph":[{"@type":"WebPage","@id":"https:\/\/jobimpulse.pl\/en\/permanent-recruitment\/","url":"https:\/\/jobimpulse.pl\/en\/permanent-recruitment\/","name":"Permanent recruitment - Jobimpulse.pl","isPartOf":{"@id":"https:\/\/jobimpulse.pl\/en\/#website"},"primaryImageOfPage":{"@id":"https:\/\/jobimpulse.pl\/en\/permanent-recruitment\/#primaryimage"},"image":{"@id":"https:\/\/jobimpulse.pl\/en\/permanent-recruitment\/#primaryimage"},"thumbnailUrl":"https:\/\/jobimpulse.pl\/wp-content\/uploads\/2022\/01\/our-services-rekrutacje-stale.jpg","datePublished":"2022-01-07T12:54:23+00:00","dateModified":"2024-03-22T16:30:13+00:00","breadcrumb":{"@id":"https:\/\/jobimpulse.pl\/en\/permanent-recruitment\/#breadcrumb"},"inLanguage":"en-GB","potentialAction":[{"@type":"ReadAction","target":["https:\/\/jobimpulse.pl\/en\/permanent-recruitment\/"]}]},{"@type":"ImageObject","inLanguage":"en-GB","@id":"https:\/\/jobimpulse.pl\/en\/permanent-recruitment\/#primaryimage","url":"https:\/\/jobimpulse.pl\/wp-content\/uploads\/2022\/01\/our-services-rekrutacje-stale.jpg","contentUrl":"https:\/\/jobimpulse.pl\/wp-content\/uploads\/2022\/01\/our-services-rekrutacje-stale.jpg","width":750,"height":324},{"@type":"BreadcrumbList","@id":"https:\/\/jobimpulse.pl\/en\/permanent-recruitment\/#breadcrumb","itemListElement":[{"@type":"ListItem","position":1,"name":"Home","item":"https:\/\/jobimpulse.pl\/en\/"},{"@type":"ListItem","position":2,"name":"Permanent recruitment"}]},{"@type":"WebSite","@id":"https:\/\/jobimpulse.pl\/en\/#website","url":"https:\/\/jobimpulse.pl\/en\/","name":"Jobimpulse.pl","description":"","potentialAction":[{"@type":"SearchAction","target":{"@type":"EntryPoint","urlTemplate":"https:\/\/jobimpulse.pl\/en\/?s={search_term_string}"},"query-input":{"@type":"PropertyValueSpecification","valueRequired":true,"valueName":"search_term_string"}}],"inLanguage":"en-GB"}]}},"_links":{"self":[{"href":"https:\/\/jobimpulse.pl\/en\/wp-json\/wp\/v2\/pages\/1771","targetHints":{"allow":["GET"]}}],"collection":[{"href":"https:\/\/jobimpulse.pl\/en\/wp-json\/wp\/v2\/pages"}],"about":[{"href":"https:\/\/jobimpulse.pl\/en\/wp-json\/wp\/v2\/types\/page"}],"author":[{"embeddable":true,"href":"https:\/\/jobimpulse.pl\/en\/wp-json\/wp\/v2\/users\/1"}],"replies":[{"embeddable":true,"href":"https:\/\/jobimpulse.pl\/en\/wp-json\/wp\/v2\/comments?post=1771"}],"version-history":[{"count":1,"href":"https:\/\/jobimpulse.pl\/en\/wp-json\/wp\/v2\/pages\/1771\/revisions"}],"predecessor-version":[{"id":1773,"href":"https:\/\/jobimpulse.pl\/en\/wp-json\/wp\/v2\/pages\/1771\/revisions\/1773"}],"wp:featuredmedia":[{"embeddable":true,"href":"https:\/\/jobimpulse.pl\/en\/wp-json\/wp\/v2\/media\/1379"}],"wp:attachment":[{"href":"https:\/\/jobimpulse.pl\/en\/wp-json\/wp\/v2\/media?parent=1771"}],"wp:term":[{"taxonomy":"category","embeddable":true,"href":"https:\/\/jobimpulse.pl\/en\/wp-json\/wp\/v2\/categories?post=1771"},{"taxonomy":"post_tag","embeddable":true,"href":"https:\/\/jobimpulse.pl\/en\/wp-json\/wp\/v2\/tags?post=1771"}],"curies":[{"name":"wp","href":"https:\/\/api.w.org\/{rel}","templated":true}]}}