{"id":1727,"date":"2021-12-21T09:07:58","date_gmt":"2021-12-21T08:07:58","guid":{"rendered":"http:\/\/jobimpulse.pl\/?page_id=1727"},"modified":"2024-07-12T21:17:44","modified_gmt":"2024-07-12T19:17:44","slug":"%d1%96%d0%bd%d1%84%d0%be%d1%80%d0%bc%d0%b0%d1%86%d1%96%d1%8f-%d0%b4%d0%bb%d1%8f-%d0%ba%d0%b0%d0%bd%d0%b4%d0%b8%d0%b4%d0%b0%d1%82%d1%96%d0%b2","status":"publish","type":"page","link":"https:\/\/jobimpulse.pl\/uk\/%d1%96%d0%bd%d1%84%d0%be%d1%80%d0%bc%d0%b0%d1%86%d1%96%d1%8f-%d0%b4%d0%bb%d1%8f-%d0%ba%d0%b0%d0%bd%d0%b4%d0%b8%d0%b4%d0%b0%d1%82%d1%96%d0%b2\/","title":{"rendered":"\u0406\u043d\u0444\u043e\u0440\u043c\u0430\u0446\u0456\u044f \u0434\u043b\u044f \u043a\u0430\u043d\u0434\u0438\u0434\u0430\u0442\u0456\u0432"},"content":{"rendered":"","protected":false},"excerpt":{"rendered":"","protected":false},"author":1,"featured_media":0,"parent":0,"menu_order":0,"comment_status":"closed","ping_status":"closed","template":"informacje-dla-kandydata-template.php","meta":{"footnotes":""},"categories":[],"tags":[220,216,218,215,219,217,221],"class_list":["post-1727","page","type-page","status-publish","hentry","tag-agencja-pracy-uk","tag-agencja-pracy-tymczasowej-uk","tag-praca-dla-ukraincow-uk","tag-praca-tymczasowa-uk","tag-praca-w-polsce-uk","tag-ukraincy-w-polsce-uk","tag-zatrudnianie-cudzoziemcow-uk"],"yoast_head":"<!-- This site is optimized with the Yoast SEO Premium plugin v26.6 (Yoast SEO v26.6) - https:\/\/yoast.com\/wordpress\/plugins\/seo\/ -->\n<title>\u0406\u043d\u0444\u043e\u0440\u043c\u0430\u0446\u0456\u044f \u0434\u043b\u044f \u043a\u0430\u043d\u0434\u0438\u0434\u0430\u0442\u0456\u0432 - Jobimpulse.pl<\/title>\n<meta name=\"description\" content=\"Zebrali\u015bmy wszystkie informacje, kt\u00f3re musi wiedzie\u0107 kandydat przed rozpocz\u0119ciem pracy u pracodawcy. Sprawd\u017a check list\u0119 i przygotuj si\u0119!\" \/>\n<meta name=\"robots\" content=\"index, follow, max-snippet:-1, max-image-preview:large, max-video-preview:-1\" \/>\n<link rel=\"canonical\" href=\"https:\/\/jobimpulse.pl\/uk\/%d1%96%d0%bd%d1%84%d0%be%d1%80%d0%bc%d0%b0%d1%86%d1%96%d1%8f-%d0%b4%d0%bb%d1%8f-%d0%ba%d0%b0%d0%bd%d0%b4%d0%b8%d0%b4%d0%b0%d1%82%d1%96%d0%b2\/\" \/>\n<meta property=\"og:locale\" content=\"uk_UA\" \/>\n<meta property=\"og:type\" content=\"article\" \/>\n<meta property=\"og:title\" content=\"\u0406\u043d\u0444\u043e\u0440\u043c\u0430\u0446\u0456\u044f \u0434\u043b\u044f \u043a\u0430\u043d\u0434\u0438\u0434\u0430\u0442\u0456\u0432\" \/>\n<meta property=\"og:description\" content=\"Zebrali\u015bmy wszystkie informacje, kt\u00f3re musi wiedzie\u0107 kandydat przed rozpocz\u0119ciem pracy u pracodawcy. Sprawd\u017a check list\u0119 i przygotuj si\u0119!\" \/>\n<meta property=\"og:url\" content=\"https:\/\/jobimpulse.pl\/uk\/%d1%96%d0%bd%d1%84%d0%be%d1%80%d0%bc%d0%b0%d1%86%d1%96%d1%8f-%d0%b4%d0%bb%d1%8f-%d0%ba%d0%b0%d0%bd%d0%b4%d0%b8%d0%b4%d0%b0%d1%82%d1%96%d0%b2\/\" \/>\n<meta property=\"og:site_name\" content=\"Jobimpulse.pl\" \/>\n<meta property=\"article:modified_time\" content=\"2024-07-12T19:17:44+00:00\" \/>\n<meta name=\"twitter:card\" content=\"summary_large_image\" \/>\n<script type=\"application\/ld+json\" class=\"yoast-schema-graph\">{\"@context\":\"https:\/\/schema.org\",\"@graph\":[{\"@type\":\"WebPage\",\"@id\":\"https:\/\/jobimpulse.pl\/uk\/%d1%96%d0%bd%d1%84%d0%be%d1%80%d0%bc%d0%b0%d1%86%d1%96%d1%8f-%d0%b4%d0%bb%d1%8f-%d0%ba%d0%b0%d0%bd%d0%b4%d0%b8%d0%b4%d0%b0%d1%82%d1%96%d0%b2\/\",\"url\":\"https:\/\/jobimpulse.pl\/uk\/%d1%96%d0%bd%d1%84%d0%be%d1%80%d0%bc%d0%b0%d1%86%d1%96%d1%8f-%d0%b4%d0%bb%d1%8f-%d0%ba%d0%b0%d0%bd%d0%b4%d0%b8%d0%b4%d0%b0%d1%82%d1%96%d0%b2\/\",\"name\":\"\u0406\u043d\u0444\u043e\u0440\u043c\u0430\u0446\u0456\u044f \u0434\u043b\u044f \u043a\u0430\u043d\u0434\u0438\u0434\u0430\u0442\u0456\u0432 - Jobimpulse.pl\",\"isPartOf\":{\"@id\":\"https:\/\/jobimpulse.pl\/uk\/#website\"},\"datePublished\":\"2021-12-21T08:07:58+00:00\",\"dateModified\":\"2024-07-12T19:17:44+00:00\",\"description\":\"Zebrali\u015bmy wszystkie informacje, kt\u00f3re musi wiedzie\u0107 kandydat przed rozpocz\u0119ciem pracy u pracodawcy. Sprawd\u017a check list\u0119 i przygotuj si\u0119!\",\"breadcrumb\":{\"@id\":\"https:\/\/jobimpulse.pl\/uk\/%d1%96%d0%bd%d1%84%d0%be%d1%80%d0%bc%d0%b0%d1%86%d1%96%d1%8f-%d0%b4%d0%bb%d1%8f-%d0%ba%d0%b0%d0%bd%d0%b4%d0%b8%d0%b4%d0%b0%d1%82%d1%96%d0%b2\/#breadcrumb\"},\"inLanguage\":\"uk\",\"potentialAction\":[{\"@type\":\"ReadAction\",\"target\":[\"https:\/\/jobimpulse.pl\/uk\/%d1%96%d0%bd%d1%84%d0%be%d1%80%d0%bc%d0%b0%d1%86%d1%96%d1%8f-%d0%b4%d0%bb%d1%8f-%d0%ba%d0%b0%d0%bd%d0%b4%d0%b8%d0%b4%d0%b0%d1%82%d1%96%d0%b2\/\"]}]},{\"@type\":\"BreadcrumbList\",\"@id\":\"https:\/\/jobimpulse.pl\/uk\/%d1%96%d0%bd%d1%84%d0%be%d1%80%d0%bc%d0%b0%d1%86%d1%96%d1%8f-%d0%b4%d0%bb%d1%8f-%d0%ba%d0%b0%d0%bd%d0%b4%d0%b8%d0%b4%d0%b0%d1%82%d1%96%d0%b2\/#breadcrumb\",\"itemListElement\":[{\"@type\":\"ListItem\",\"position\":1,\"name\":\"Home\",\"item\":\"https:\/\/jobimpulse.pl\/uk\/\"},{\"@type\":\"ListItem\",\"position\":2,\"name\":\"\u0406\u043d\u0444\u043e\u0440\u043c\u0430\u0446\u0456\u044f \u0434\u043b\u044f \u043a\u0430\u043d\u0434\u0438\u0434\u0430\u0442\u0456\u0432\"}]},{\"@type\":\"WebSite\",\"@id\":\"https:\/\/jobimpulse.pl\/uk\/#website\",\"url\":\"https:\/\/jobimpulse.pl\/uk\/\",\"name\":\"Jobimpulse.pl\",\"description\":\"\",\"potentialAction\":[{\"@type\":\"SearchAction\",\"target\":{\"@type\":\"EntryPoint\",\"urlTemplate\":\"https:\/\/jobimpulse.pl\/uk\/?s={search_term_string}\"},\"query-input\":{\"@type\":\"PropertyValueSpecification\",\"valueRequired\":true,\"valueName\":\"search_term_string\"}}],\"inLanguage\":\"uk\"}]}<\/script>\n<!-- \/ Yoast SEO Premium plugin. -->","yoast_head_json":{"title":"\u0406\u043d\u0444\u043e\u0440\u043c\u0430\u0446\u0456\u044f \u0434\u043b\u044f \u043a\u0430\u043d\u0434\u0438\u0434\u0430\u0442\u0456\u0432 - Jobimpulse.pl","description":"Zebrali\u015bmy wszystkie informacje, kt\u00f3re musi wiedzie\u0107 kandydat przed rozpocz\u0119ciem pracy u pracodawcy. Sprawd\u017a check list\u0119 i przygotuj si\u0119!","robots":{"index":"index","follow":"follow","max-snippet":"max-snippet:-1","max-image-preview":"max-image-preview:large","max-video-preview":"max-video-preview:-1"},"canonical":"https:\/\/jobimpulse.pl\/uk\/%d1%96%d0%bd%d1%84%d0%be%d1%80%d0%bc%d0%b0%d1%86%d1%96%d1%8f-%d0%b4%d0%bb%d1%8f-%d0%ba%d0%b0%d0%bd%d0%b4%d0%b8%d0%b4%d0%b0%d1%82%d1%96%d0%b2\/","og_locale":"uk_UA","og_type":"article","og_title":"\u0406\u043d\u0444\u043e\u0440\u043c\u0430\u0446\u0456\u044f \u0434\u043b\u044f \u043a\u0430\u043d\u0434\u0438\u0434\u0430\u0442\u0456\u0432","og_description":"Zebrali\u015bmy wszystkie informacje, kt\u00f3re musi wiedzie\u0107 kandydat przed rozpocz\u0119ciem pracy u pracodawcy. Sprawd\u017a check list\u0119 i przygotuj si\u0119!","og_url":"https:\/\/jobimpulse.pl\/uk\/%d1%96%d0%bd%d1%84%d0%be%d1%80%d0%bc%d0%b0%d1%86%d1%96%d1%8f-%d0%b4%d0%bb%d1%8f-%d0%ba%d0%b0%d0%bd%d0%b4%d0%b8%d0%b4%d0%b0%d1%82%d1%96%d0%b2\/","og_site_name":"Jobimpulse.pl","article_modified_time":"2024-07-12T19:17:44+00:00","twitter_card":"summary_large_image","schema":{"@context":"https:\/\/schema.org","@graph":[{"@type":"WebPage","@id":"https:\/\/jobimpulse.pl\/uk\/%d1%96%d0%bd%d1%84%d0%be%d1%80%d0%bc%d0%b0%d1%86%d1%96%d1%8f-%d0%b4%d0%bb%d1%8f-%d0%ba%d0%b0%d0%bd%d0%b4%d0%b8%d0%b4%d0%b0%d1%82%d1%96%d0%b2\/","url":"https:\/\/jobimpulse.pl\/uk\/%d1%96%d0%bd%d1%84%d0%be%d1%80%d0%bc%d0%b0%d1%86%d1%96%d1%8f-%d0%b4%d0%bb%d1%8f-%d0%ba%d0%b0%d0%bd%d0%b4%d0%b8%d0%b4%d0%b0%d1%82%d1%96%d0%b2\/","name":"\u0406\u043d\u0444\u043e\u0440\u043c\u0430\u0446\u0456\u044f \u0434\u043b\u044f \u043a\u0430\u043d\u0434\u0438\u0434\u0430\u0442\u0456\u0432 - Jobimpulse.pl","isPartOf":{"@id":"https:\/\/jobimpulse.pl\/uk\/#website"},"datePublished":"2021-12-21T08:07:58+00:00","dateModified":"2024-07-12T19:17:44+00:00","description":"Zebrali\u015bmy wszystkie informacje, kt\u00f3re musi wiedzie\u0107 kandydat przed rozpocz\u0119ciem pracy u pracodawcy. Sprawd\u017a check list\u0119 i przygotuj si\u0119!","breadcrumb":{"@id":"https:\/\/jobimpulse.pl\/uk\/%d1%96%d0%bd%d1%84%d0%be%d1%80%d0%bc%d0%b0%d1%86%d1%96%d1%8f-%d0%b4%d0%bb%d1%8f-%d0%ba%d0%b0%d0%bd%d0%b4%d0%b8%d0%b4%d0%b0%d1%82%d1%96%d0%b2\/#breadcrumb"},"inLanguage":"uk","potentialAction":[{"@type":"ReadAction","target":["https:\/\/jobimpulse.pl\/uk\/%d1%96%d0%bd%d1%84%d0%be%d1%80%d0%bc%d0%b0%d1%86%d1%96%d1%8f-%d0%b4%d0%bb%d1%8f-%d0%ba%d0%b0%d0%bd%d0%b4%d0%b8%d0%b4%d0%b0%d1%82%d1%96%d0%b2\/"]}]},{"@type":"BreadcrumbList","@id":"https:\/\/jobimpulse.pl\/uk\/%d1%96%d0%bd%d1%84%d0%be%d1%80%d0%bc%d0%b0%d1%86%d1%96%d1%8f-%d0%b4%d0%bb%d1%8f-%d0%ba%d0%b0%d0%bd%d0%b4%d0%b8%d0%b4%d0%b0%d1%82%d1%96%d0%b2\/#breadcrumb","itemListElement":[{"@type":"ListItem","position":1,"name":"Home","item":"https:\/\/jobimpulse.pl\/uk\/"},{"@type":"ListItem","position":2,"name":"\u0406\u043d\u0444\u043e\u0440\u043c\u0430\u0446\u0456\u044f \u0434\u043b\u044f \u043a\u0430\u043d\u0434\u0438\u0434\u0430\u0442\u0456\u0432"}]},{"@type":"WebSite","@id":"https:\/\/jobimpulse.pl\/uk\/#website","url":"https:\/\/jobimpulse.pl\/uk\/","name":"Jobimpulse.pl","description":"","potentialAction":[{"@type":"SearchAction","target":{"@type":"EntryPoint","urlTemplate":"https:\/\/jobimpulse.pl\/uk\/?s={search_term_string}"},"query-input":{"@type":"PropertyValueSpecification","valueRequired":true,"valueName":"search_term_string"}}],"inLanguage":"uk"}]}},"_links":{"self":[{"href":"https:\/\/jobimpulse.pl\/uk\/wp-json\/wp\/v2\/pages\/1727","targetHints":{"allow":["GET"]}}],"collection":[{"href":"https:\/\/jobimpulse.pl\/uk\/wp-json\/wp\/v2\/pages"}],"about":[{"href":"https:\/\/jobimpulse.pl\/uk\/wp-json\/wp\/v2\/types\/page"}],"author":[{"embeddable":true,"href":"https:\/\/jobimpulse.pl\/uk\/wp-json\/wp\/v2\/users\/1"}],"replies":[{"embeddable":true,"href":"https:\/\/jobimpulse.pl\/uk\/wp-json\/wp\/v2\/comments?post=1727"}],"version-history":[{"count":3,"href":"https:\/\/jobimpulse.pl\/uk\/wp-json\/wp\/v2\/pages\/1727\/revisions"}],"predecessor-version":[{"id":2143,"href":"https:\/\/jobimpulse.pl\/uk\/wp-json\/wp\/v2\/pages\/1727\/revisions\/2143"}],"wp:attachment":[{"href":"https:\/\/jobimpulse.pl\/uk\/wp-json\/wp\/v2\/media?parent=1727"}],"wp:term":[{"taxonomy":"category","embeddable":true,"href":"https:\/\/jobimpulse.pl\/uk\/wp-json\/wp\/v2\/categories?post=1727"},{"taxonomy":"post_tag","embeddable":true,"href":"https:\/\/jobimpulse.pl\/uk\/wp-json\/wp\/v2\/tags?post=1727"}],"curies":[{"name":"wp","href":"https:\/\/api.w.org\/{rel}","templated":true}]}}