{"id":1750,"date":"2022-01-07T14:02:23","date_gmt":"2022-01-07T13:02:23","guid":{"rendered":"http:\/\/jobimpulse.pl\/?page_id=1750"},"modified":"2024-03-22T17:37:38","modified_gmt":"2024-03-22T16:37:38","slug":"%d0%be%d0%b1%d1%81%d0%bb%d1%83%d0%b3%d0%be%d0%b2%d1%83%d0%b2%d0%b0%d0%bd%d0%bd%d1%8f-%d1%80%d0%b5%d1%86%d0%b5%d0%bf%d1%86%d1%96%d1%97-office-angels","status":"publish","type":"page","link":"https:\/\/jobimpulse.pl\/uk\/%d0%be%d0%b1%d1%81%d0%bb%d1%83%d0%b3%d0%be%d0%b2%d1%83%d0%b2%d0%b0%d0%bd%d0%bd%d1%8f-%d1%80%d0%b5%d1%86%d0%b5%d0%bf%d1%86%d1%96%d1%97-office-angels\/","title":{"rendered":"\u041e\u0431\u0441\u043b\u0443\u0433\u043e\u0432\u0443\u0432\u0430\u043d\u043d\u044f \u0440\u0435\u0446\u0435\u043f\u0446\u0456\u0457 Office Angels"},"content":{"rendered":"","protected":false},"excerpt":{"rendered":"<p>Recepcja to pierwsza linia kontaktu z klientem, dlatego tak wa\u017cne jest, aby ka\u017cdy Tw\u00f3j go\u015b\u0107 ju\u017c od progu spotka\u0142 si\u0119 z mi\u0142ym powitaniem oraz profesjonalnym przyj\u0119ciem. <\/p>\n","protected":false},"author":1,"featured_media":1372,"parent":0,"menu_order":0,"comment_status":"closed","ping_status":"closed","template":"office-angels-template.php","meta":{"footnotes":""},"categories":[181],"tags":[250,251,252,253,255,254],"class_list":["post-1750","page","type-page","status-publish","has-post-thumbnail","hentry","category-181","tag-obsluga-recepcji-uk","tag-office-angels-uk","tag-praca-na-recepcji-uk","tag-recepcja-uk","tag-recepcjonista-uk","tag-recepcjonistka-uk"],"yoast_head":"<!-- This site is optimized with the Yoast SEO Premium plugin v26.6 (Yoast SEO v26.6) - https:\/\/yoast.com\/wordpress\/plugins\/seo\/ -->\n<title>\u041e\u0431\u0441\u043b\u0443\u0433\u043e\u0432\u0443\u0432\u0430\u043d\u043d\u044f \u0440\u0435\u0446\u0435\u043f\u0446\u0456\u0457 Office Angels - Jobimpulse.pl<\/title>\n<meta name=\"description\" content=\"Obs\u0142uga recepcji w naszym wykonaniu obejmuje rekrutacj\u0119, szkolenia, proces zatrudnienia i nadzorowanie pracy recepcjonistek i recepcjonist\u00f3w.\" \/>\n<meta name=\"robots\" content=\"index, follow, max-snippet:-1, max-image-preview:large, max-video-preview:-1\" \/>\n<link rel=\"canonical\" href=\"https:\/\/jobimpulse.pl\/uk\/%d0%be%d0%b1%d1%81%d0%bb%d1%83%d0%b3%d0%be%d0%b2%d1%83%d0%b2%d0%b0%d0%bd%d0%bd%d1%8f-%d1%80%d0%b5%d1%86%d0%b5%d0%bf%d1%86%d1%96%d1%97-office-angels\/\" \/>\n<meta property=\"og:locale\" content=\"uk_UA\" \/>\n<meta property=\"og:type\" content=\"article\" \/>\n<meta property=\"og:title\" content=\"\u041e\u0431\u0441\u043b\u0443\u0433\u043e\u0432\u0443\u0432\u0430\u043d\u043d\u044f \u0440\u0435\u0446\u0435\u043f\u0446\u0456\u0457 Office Angels\" \/>\n<meta property=\"og:description\" content=\"Obs\u0142uga recepcji w naszym wykonaniu obejmuje rekrutacj\u0119, szkolenia, proces zatrudnienia i nadzorowanie pracy recepcjonistek i recepcjonist\u00f3w.\" \/>\n<meta property=\"og:url\" content=\"https:\/\/jobimpulse.pl\/uk\/%d0%be%d0%b1%d1%81%d0%bb%d1%83%d0%b3%d0%be%d0%b2%d1%83%d0%b2%d0%b0%d0%bd%d0%bd%d1%8f-%d1%80%d0%b5%d1%86%d0%b5%d0%bf%d1%86%d1%96%d1%97-office-angels\/\" \/>\n<meta property=\"og:site_name\" content=\"Jobimpulse.pl\" \/>\n<meta property=\"article:modified_time\" content=\"2024-03-22T16:37:38+00:00\" \/>\n<meta property=\"og:image\" content=\"https:\/\/jobimpulse.pl\/wp-content\/uploads\/2022\/01\/our-services-oe.jpg\" \/>\n\t<meta property=\"og:image:width\" content=\"750\" \/>\n\t<meta property=\"og:image:height\" content=\"324\" \/>\n\t<meta property=\"og:image:type\" content=\"image\/jpeg\" \/>\n<meta name=\"twitter:card\" content=\"summary_large_image\" \/>\n<script type=\"application\/ld+json\" class=\"yoast-schema-graph\">{\"@context\":\"https:\/\/schema.org\",\"@graph\":[{\"@type\":\"WebPage\",\"@id\":\"https:\/\/jobimpulse.pl\/uk\/%d0%be%d0%b1%d1%81%d0%bb%d1%83%d0%b3%d0%be%d0%b2%d1%83%d0%b2%d0%b0%d0%bd%d0%bd%d1%8f-%d1%80%d0%b5%d1%86%d0%b5%d0%bf%d1%86%d1%96%d1%97-office-angels\/\",\"url\":\"https:\/\/jobimpulse.pl\/uk\/%d0%be%d0%b1%d1%81%d0%bb%d1%83%d0%b3%d0%be%d0%b2%d1%83%d0%b2%d0%b0%d0%bd%d0%bd%d1%8f-%d1%80%d0%b5%d1%86%d0%b5%d0%bf%d1%86%d1%96%d1%97-office-angels\/\",\"name\":\"\u041e\u0431\u0441\u043b\u0443\u0433\u043e\u0432\u0443\u0432\u0430\u043d\u043d\u044f \u0440\u0435\u0446\u0435\u043f\u0446\u0456\u0457 Office Angels - Jobimpulse.pl\",\"isPartOf\":{\"@id\":\"https:\/\/jobimpulse.pl\/uk\/#website\"},\"primaryImageOfPage\":{\"@id\":\"https:\/\/jobimpulse.pl\/uk\/%d0%be%d0%b1%d1%81%d0%bb%d1%83%d0%b3%d0%be%d0%b2%d1%83%d0%b2%d0%b0%d0%bd%d0%bd%d1%8f-%d1%80%d0%b5%d1%86%d0%b5%d0%bf%d1%86%d1%96%d1%97-office-angels\/#primaryimage\"},\"image\":{\"@id\":\"https:\/\/jobimpulse.pl\/uk\/%d0%be%d0%b1%d1%81%d0%bb%d1%83%d0%b3%d0%be%d0%b2%d1%83%d0%b2%d0%b0%d0%bd%d0%bd%d1%8f-%d1%80%d0%b5%d1%86%d0%b5%d0%bf%d1%86%d1%96%d1%97-office-angels\/#primaryimage\"},\"thumbnailUrl\":\"https:\/\/jobimpulse.pl\/wp-content\/uploads\/2022\/01\/our-services-oe.jpg\",\"datePublished\":\"2022-01-07T13:02:23+00:00\",\"dateModified\":\"2024-03-22T16:37:38+00:00\",\"description\":\"Obs\u0142uga recepcji w naszym wykonaniu obejmuje rekrutacj\u0119, szkolenia, proces zatrudnienia i nadzorowanie pracy recepcjonistek i recepcjonist\u00f3w.\",\"breadcrumb\":{\"@id\":\"https:\/\/jobimpulse.pl\/uk\/%d0%be%d0%b1%d1%81%d0%bb%d1%83%d0%b3%d0%be%d0%b2%d1%83%d0%b2%d0%b0%d0%bd%d0%bd%d1%8f-%d1%80%d0%b5%d1%86%d0%b5%d0%bf%d1%86%d1%96%d1%97-office-angels\/#breadcrumb\"},\"inLanguage\":\"uk\",\"potentialAction\":[{\"@type\":\"ReadAction\",\"target\":[\"https:\/\/jobimpulse.pl\/uk\/%d0%be%d0%b1%d1%81%d0%bb%d1%83%d0%b3%d0%be%d0%b2%d1%83%d0%b2%d0%b0%d0%bd%d0%bd%d1%8f-%d1%80%d0%b5%d1%86%d0%b5%d0%bf%d1%86%d1%96%d1%97-office-angels\/\"]}]},{\"@type\":\"ImageObject\",\"inLanguage\":\"uk\",\"@id\":\"https:\/\/jobimpulse.pl\/uk\/%d0%be%d0%b1%d1%81%d0%bb%d1%83%d0%b3%d0%be%d0%b2%d1%83%d0%b2%d0%b0%d0%bd%d0%bd%d1%8f-%d1%80%d0%b5%d1%86%d0%b5%d0%bf%d1%86%d1%96%d1%97-office-angels\/#primaryimage\",\"url\":\"https:\/\/jobimpulse.pl\/wp-content\/uploads\/2022\/01\/our-services-oe.jpg\",\"contentUrl\":\"https:\/\/jobimpulse.pl\/wp-content\/uploads\/2022\/01\/our-services-oe.jpg\",\"width\":750,\"height\":324},{\"@type\":\"BreadcrumbList\",\"@id\":\"https:\/\/jobimpulse.pl\/uk\/%d0%be%d0%b1%d1%81%d0%bb%d1%83%d0%b3%d0%be%d0%b2%d1%83%d0%b2%d0%b0%d0%bd%d0%bd%d1%8f-%d1%80%d0%b5%d1%86%d0%b5%d0%bf%d1%86%d1%96%d1%97-office-angels\/#breadcrumb\",\"itemListElement\":[{\"@type\":\"ListItem\",\"position\":1,\"name\":\"Home\",\"item\":\"https:\/\/jobimpulse.pl\/uk\/\"},{\"@type\":\"ListItem\",\"position\":2,\"name\":\"\u041e\u0431\u0441\u043b\u0443\u0433\u043e\u0432\u0443\u0432\u0430\u043d\u043d\u044f \u0440\u0435\u0446\u0435\u043f\u0446\u0456\u0457 Office Angels\"}]},{\"@type\":\"WebSite\",\"@id\":\"https:\/\/jobimpulse.pl\/uk\/#website\",\"url\":\"https:\/\/jobimpulse.pl\/uk\/\",\"name\":\"Jobimpulse.pl\",\"description\":\"\",\"potentialAction\":[{\"@type\":\"SearchAction\",\"target\":{\"@type\":\"EntryPoint\",\"urlTemplate\":\"https:\/\/jobimpulse.pl\/uk\/?s={search_term_string}\"},\"query-input\":{\"@type\":\"PropertyValueSpecification\",\"valueRequired\":true,\"valueName\":\"search_term_string\"}}],\"inLanguage\":\"uk\"}]}<\/script>\n<!-- \/ Yoast SEO Premium plugin. -->","yoast_head_json":{"title":"\u041e\u0431\u0441\u043b\u0443\u0433\u043e\u0432\u0443\u0432\u0430\u043d\u043d\u044f \u0440\u0435\u0446\u0435\u043f\u0446\u0456\u0457 Office Angels - Jobimpulse.pl","description":"Obs\u0142uga recepcji w naszym wykonaniu obejmuje rekrutacj\u0119, szkolenia, proces zatrudnienia i nadzorowanie pracy recepcjonistek i recepcjonist\u00f3w.","robots":{"index":"index","follow":"follow","max-snippet":"max-snippet:-1","max-image-preview":"max-image-preview:large","max-video-preview":"max-video-preview:-1"},"canonical":"https:\/\/jobimpulse.pl\/uk\/%d0%be%d0%b1%d1%81%d0%bb%d1%83%d0%b3%d0%be%d0%b2%d1%83%d0%b2%d0%b0%d0%bd%d0%bd%d1%8f-%d1%80%d0%b5%d1%86%d0%b5%d0%bf%d1%86%d1%96%d1%97-office-angels\/","og_locale":"uk_UA","og_type":"article","og_title":"\u041e\u0431\u0441\u043b\u0443\u0433\u043e\u0432\u0443\u0432\u0430\u043d\u043d\u044f \u0440\u0435\u0446\u0435\u043f\u0446\u0456\u0457 Office Angels","og_description":"Obs\u0142uga recepcji w naszym wykonaniu obejmuje rekrutacj\u0119, szkolenia, proces zatrudnienia i nadzorowanie pracy recepcjonistek i recepcjonist\u00f3w.","og_url":"https:\/\/jobimpulse.pl\/uk\/%d0%be%d0%b1%d1%81%d0%bb%d1%83%d0%b3%d0%be%d0%b2%d1%83%d0%b2%d0%b0%d0%bd%d0%bd%d1%8f-%d1%80%d0%b5%d1%86%d0%b5%d0%bf%d1%86%d1%96%d1%97-office-angels\/","og_site_name":"Jobimpulse.pl","article_modified_time":"2024-03-22T16:37:38+00:00","og_image":[{"width":750,"height":324,"url":"https:\/\/jobimpulse.pl\/wp-content\/uploads\/2022\/01\/our-services-oe.jpg","type":"image\/jpeg"}],"twitter_card":"summary_large_image","schema":{"@context":"https:\/\/schema.org","@graph":[{"@type":"WebPage","@id":"https:\/\/jobimpulse.pl\/uk\/%d0%be%d0%b1%d1%81%d0%bb%d1%83%d0%b3%d0%be%d0%b2%d1%83%d0%b2%d0%b0%d0%bd%d0%bd%d1%8f-%d1%80%d0%b5%d1%86%d0%b5%d0%bf%d1%86%d1%96%d1%97-office-angels\/","url":"https:\/\/jobimpulse.pl\/uk\/%d0%be%d0%b1%d1%81%d0%bb%d1%83%d0%b3%d0%be%d0%b2%d1%83%d0%b2%d0%b0%d0%bd%d0%bd%d1%8f-%d1%80%d0%b5%d1%86%d0%b5%d0%bf%d1%86%d1%96%d1%97-office-angels\/","name":"\u041e\u0431\u0441\u043b\u0443\u0433\u043e\u0432\u0443\u0432\u0430\u043d\u043d\u044f \u0440\u0435\u0446\u0435\u043f\u0446\u0456\u0457 Office Angels - Jobimpulse.pl","isPartOf":{"@id":"https:\/\/jobimpulse.pl\/uk\/#website"},"primaryImageOfPage":{"@id":"https:\/\/jobimpulse.pl\/uk\/%d0%be%d0%b1%d1%81%d0%bb%d1%83%d0%b3%d0%be%d0%b2%d1%83%d0%b2%d0%b0%d0%bd%d0%bd%d1%8f-%d1%80%d0%b5%d1%86%d0%b5%d0%bf%d1%86%d1%96%d1%97-office-angels\/#primaryimage"},"image":{"@id":"https:\/\/jobimpulse.pl\/uk\/%d0%be%d0%b1%d1%81%d0%bb%d1%83%d0%b3%d0%be%d0%b2%d1%83%d0%b2%d0%b0%d0%bd%d0%bd%d1%8f-%d1%80%d0%b5%d1%86%d0%b5%d0%bf%d1%86%d1%96%d1%97-office-angels\/#primaryimage"},"thumbnailUrl":"https:\/\/jobimpulse.pl\/wp-content\/uploads\/2022\/01\/our-services-oe.jpg","datePublished":"2022-01-07T13:02:23+00:00","dateModified":"2024-03-22T16:37:38+00:00","description":"Obs\u0142uga recepcji w naszym wykonaniu obejmuje rekrutacj\u0119, szkolenia, proces zatrudnienia i nadzorowanie pracy recepcjonistek i recepcjonist\u00f3w.","breadcrumb":{"@id":"https:\/\/jobimpulse.pl\/uk\/%d0%be%d0%b1%d1%81%d0%bb%d1%83%d0%b3%d0%be%d0%b2%d1%83%d0%b2%d0%b0%d0%bd%d0%bd%d1%8f-%d1%80%d0%b5%d1%86%d0%b5%d0%bf%d1%86%d1%96%d1%97-office-angels\/#breadcrumb"},"inLanguage":"uk","potentialAction":[{"@type":"ReadAction","target":["https:\/\/jobimpulse.pl\/uk\/%d0%be%d0%b1%d1%81%d0%bb%d1%83%d0%b3%d0%be%d0%b2%d1%83%d0%b2%d0%b0%d0%bd%d0%bd%d1%8f-%d1%80%d0%b5%d1%86%d0%b5%d0%bf%d1%86%d1%96%d1%97-office-angels\/"]}]},{"@type":"ImageObject","inLanguage":"uk","@id":"https:\/\/jobimpulse.pl\/uk\/%d0%be%d0%b1%d1%81%d0%bb%d1%83%d0%b3%d0%be%d0%b2%d1%83%d0%b2%d0%b0%d0%bd%d0%bd%d1%8f-%d1%80%d0%b5%d1%86%d0%b5%d0%bf%d1%86%d1%96%d1%97-office-angels\/#primaryimage","url":"https:\/\/jobimpulse.pl\/wp-content\/uploads\/2022\/01\/our-services-oe.jpg","contentUrl":"https:\/\/jobimpulse.pl\/wp-content\/uploads\/2022\/01\/our-services-oe.jpg","width":750,"height":324},{"@type":"BreadcrumbList","@id":"https:\/\/jobimpulse.pl\/uk\/%d0%be%d0%b1%d1%81%d0%bb%d1%83%d0%b3%d0%be%d0%b2%d1%83%d0%b2%d0%b0%d0%bd%d0%bd%d1%8f-%d1%80%d0%b5%d1%86%d0%b5%d0%bf%d1%86%d1%96%d1%97-office-angels\/#breadcrumb","itemListElement":[{"@type":"ListItem","position":1,"name":"Home","item":"https:\/\/jobimpulse.pl\/uk\/"},{"@type":"ListItem","position":2,"name":"\u041e\u0431\u0441\u043b\u0443\u0433\u043e\u0432\u0443\u0432\u0430\u043d\u043d\u044f \u0440\u0435\u0446\u0435\u043f\u0446\u0456\u0457 Office Angels"}]},{"@type":"WebSite","@id":"https:\/\/jobimpulse.pl\/uk\/#website","url":"https:\/\/jobimpulse.pl\/uk\/","name":"Jobimpulse.pl","description":"","potentialAction":[{"@type":"SearchAction","target":{"@type":"EntryPoint","urlTemplate":"https:\/\/jobimpulse.pl\/uk\/?s={search_term_string}"},"query-input":{"@type":"PropertyValueSpecification","valueRequired":true,"valueName":"search_term_string"}}],"inLanguage":"uk"}]}},"_links":{"self":[{"href":"https:\/\/jobimpulse.pl\/uk\/wp-json\/wp\/v2\/pages\/1750","targetHints":{"allow":["GET"]}}],"collection":[{"href":"https:\/\/jobimpulse.pl\/uk\/wp-json\/wp\/v2\/pages"}],"about":[{"href":"https:\/\/jobimpulse.pl\/uk\/wp-json\/wp\/v2\/types\/page"}],"author":[{"embeddable":true,"href":"https:\/\/jobimpulse.pl\/uk\/wp-json\/wp\/v2\/users\/1"}],"replies":[{"embeddable":true,"href":"https:\/\/jobimpulse.pl\/uk\/wp-json\/wp\/v2\/comments?post=1750"}],"version-history":[{"count":1,"href":"https:\/\/jobimpulse.pl\/uk\/wp-json\/wp\/v2\/pages\/1750\/revisions"}],"predecessor-version":[{"id":1947,"href":"https:\/\/jobimpulse.pl\/uk\/wp-json\/wp\/v2\/pages\/1750\/revisions\/1947"}],"wp:featuredmedia":[{"embeddable":true,"href":"https:\/\/jobimpulse.pl\/uk\/wp-json\/wp\/v2\/media\/1372"}],"wp:attachment":[{"href":"https:\/\/jobimpulse.pl\/uk\/wp-json\/wp\/v2\/media?parent=1750"}],"wp:term":[{"taxonomy":"category","embeddable":true,"href":"https:\/\/jobimpulse.pl\/uk\/wp-json\/wp\/v2\/categories?post=1750"},{"taxonomy":"post_tag","embeddable":true,"href":"https:\/\/jobimpulse.pl\/uk\/wp-json\/wp\/v2\/tags?post=1750"}],"curies":[{"name":"wp","href":"https:\/\/api.w.org\/{rel}","templated":true}]}}