{"id":1762,"date":"2022-01-07T14:01:01","date_gmt":"2022-01-07T13:01:01","guid":{"rendered":"http:\/\/jobimpulse.pl\/?page_id=1762"},"modified":"2024-03-22T17:35:44","modified_gmt":"2024-03-22T16:35:44","slug":"%d0%b0%d1%83%d1%82%d1%81%d0%be%d1%80%d1%81%d0%b8%d0%bd%d0%b3-%d0%bf%d1%80%d0%be%d1%86%d0%b5%d1%81%d1%96%d0%b2","status":"publish","type":"page","link":"https:\/\/jobimpulse.pl\/uk\/%d0%b0%d1%83%d1%82%d1%81%d0%be%d1%80%d1%81%d0%b8%d0%bd%d0%b3-%d0%bf%d1%80%d0%be%d1%86%d0%b5%d1%81%d1%96%d0%b2\/","title":{"rendered":"\u0410\u0443\u0442\u0441\u043e\u0440\u0441\u0438\u043d\u0433 \u043f\u0440\u043e\u0446\u0435\u0441\u0456\u0432"},"content":{"rendered":"","protected":false},"excerpt":{"rendered":"<p>Optymalizujemy procesy administracyjne, produkcyjne i logistyczne w Twojej firmie, przejmujemy wybrane obszary dzia\u0142alno\u015bci, zmniejszaj\u0105c koszty i zwi\u0119kszaj\u0105c efektywno\u015b\u0107.<\/p>\n","protected":false},"author":1,"featured_media":1370,"parent":0,"menu_order":0,"comment_status":"closed","ping_status":"closed","template":"outsourcing-template.php","meta":{"footnotes":""},"categories":[181],"tags":[267,266],"class_list":["post-1762","page","type-page","status-publish","has-post-thumbnail","hentry","category-181","tag-optymalizacja-uk","tag-outsourcing-uk"],"yoast_head":"<!-- This site is optimized with the Yoast SEO Premium plugin v26.6 (Yoast SEO v26.6) - https:\/\/yoast.com\/wordpress\/plugins\/seo\/ -->\n<title>\u0410\u0443\u0442\u0441\u043e\u0440\u0441\u0438\u043d\u0433 \u043f\u0440\u043e\u0446\u0435\u0441\u0456\u0432 - Jobimpulse.pl<\/title>\n<meta name=\"description\" content=\"Optymalizujemy procesy administracyjne, produkcyjne i logistyczne. Sprawd\u017a, jak pomo\u017cemy zwi\u0119kszy\u0107 efektywno\u015b\u0107 w Twojej firmie.\" \/>\n<meta name=\"robots\" content=\"index, follow, max-snippet:-1, max-image-preview:large, max-video-preview:-1\" \/>\n<link rel=\"canonical\" href=\"https:\/\/jobimpulse.pl\/uk\/%d0%b0%d1%83%d1%82%d1%81%d0%be%d1%80%d1%81%d0%b8%d0%bd%d0%b3-%d0%bf%d1%80%d0%be%d1%86%d0%b5%d1%81%d1%96%d0%b2\/\" \/>\n<meta property=\"og:locale\" content=\"uk_UA\" \/>\n<meta property=\"og:type\" content=\"article\" \/>\n<meta property=\"og:title\" content=\"\u0410\u0443\u0442\u0441\u043e\u0440\u0441\u0438\u043d\u0433 \u043f\u0440\u043e\u0446\u0435\u0441\u0456\u0432\" \/>\n<meta property=\"og:description\" content=\"Optymalizujemy procesy administracyjne, produkcyjne i logistyczne. Sprawd\u017a, jak pomo\u017cemy zwi\u0119kszy\u0107 efektywno\u015b\u0107 w Twojej firmie.\" \/>\n<meta property=\"og:url\" content=\"https:\/\/jobimpulse.pl\/uk\/%d0%b0%d1%83%d1%82%d1%81%d0%be%d1%80%d1%81%d0%b8%d0%bd%d0%b3-%d0%bf%d1%80%d0%be%d1%86%d0%b5%d1%81%d1%96%d0%b2\/\" \/>\n<meta property=\"og:site_name\" content=\"Jobimpulse.pl\" \/>\n<meta property=\"article:modified_time\" content=\"2024-03-22T16:35:44+00:00\" \/>\n<meta property=\"og:image\" content=\"https:\/\/jobimpulse.pl\/wp-content\/uploads\/2022\/01\/our-services-op.jpg\" \/>\n\t<meta property=\"og:image:width\" content=\"750\" \/>\n\t<meta property=\"og:image:height\" content=\"324\" \/>\n\t<meta property=\"og:image:type\" content=\"image\/jpeg\" \/>\n<meta name=\"twitter:card\" content=\"summary_large_image\" \/>\n<script type=\"application\/ld+json\" class=\"yoast-schema-graph\">{\"@context\":\"https:\/\/schema.org\",\"@graph\":[{\"@type\":\"WebPage\",\"@id\":\"https:\/\/jobimpulse.pl\/uk\/%d0%b0%d1%83%d1%82%d1%81%d0%be%d1%80%d1%81%d0%b8%d0%bd%d0%b3-%d0%bf%d1%80%d0%be%d1%86%d0%b5%d1%81%d1%96%d0%b2\/\",\"url\":\"https:\/\/jobimpulse.pl\/uk\/%d0%b0%d1%83%d1%82%d1%81%d0%be%d1%80%d1%81%d0%b8%d0%bd%d0%b3-%d0%bf%d1%80%d0%be%d1%86%d0%b5%d1%81%d1%96%d0%b2\/\",\"name\":\"\u0410\u0443\u0442\u0441\u043e\u0440\u0441\u0438\u043d\u0433 \u043f\u0440\u043e\u0446\u0435\u0441\u0456\u0432 - Jobimpulse.pl\",\"isPartOf\":{\"@id\":\"https:\/\/jobimpulse.pl\/uk\/#website\"},\"primaryImageOfPage\":{\"@id\":\"https:\/\/jobimpulse.pl\/uk\/%d0%b0%d1%83%d1%82%d1%81%d0%be%d1%80%d1%81%d0%b8%d0%bd%d0%b3-%d0%bf%d1%80%d0%be%d1%86%d0%b5%d1%81%d1%96%d0%b2\/#primaryimage\"},\"image\":{\"@id\":\"https:\/\/jobimpulse.pl\/uk\/%d0%b0%d1%83%d1%82%d1%81%d0%be%d1%80%d1%81%d0%b8%d0%bd%d0%b3-%d0%bf%d1%80%d0%be%d1%86%d0%b5%d1%81%d1%96%d0%b2\/#primaryimage\"},\"thumbnailUrl\":\"https:\/\/jobimpulse.pl\/wp-content\/uploads\/2022\/01\/our-services-op.jpg\",\"datePublished\":\"2022-01-07T13:01:01+00:00\",\"dateModified\":\"2024-03-22T16:35:44+00:00\",\"description\":\"Optymalizujemy procesy administracyjne, produkcyjne i logistyczne. Sprawd\u017a, jak pomo\u017cemy zwi\u0119kszy\u0107 efektywno\u015b\u0107 w Twojej firmie.\",\"breadcrumb\":{\"@id\":\"https:\/\/jobimpulse.pl\/uk\/%d0%b0%d1%83%d1%82%d1%81%d0%be%d1%80%d1%81%d0%b8%d0%bd%d0%b3-%d0%bf%d1%80%d0%be%d1%86%d0%b5%d1%81%d1%96%d0%b2\/#breadcrumb\"},\"inLanguage\":\"uk\",\"potentialAction\":[{\"@type\":\"ReadAction\",\"target\":[\"https:\/\/jobimpulse.pl\/uk\/%d0%b0%d1%83%d1%82%d1%81%d0%be%d1%80%d1%81%d0%b8%d0%bd%d0%b3-%d0%bf%d1%80%d0%be%d1%86%d0%b5%d1%81%d1%96%d0%b2\/\"]}]},{\"@type\":\"ImageObject\",\"inLanguage\":\"uk\",\"@id\":\"https:\/\/jobimpulse.pl\/uk\/%d0%b0%d1%83%d1%82%d1%81%d0%be%d1%80%d1%81%d0%b8%d0%bd%d0%b3-%d0%bf%d1%80%d0%be%d1%86%d0%b5%d1%81%d1%96%d0%b2\/#primaryimage\",\"url\":\"https:\/\/jobimpulse.pl\/wp-content\/uploads\/2022\/01\/our-services-op.jpg\",\"contentUrl\":\"https:\/\/jobimpulse.pl\/wp-content\/uploads\/2022\/01\/our-services-op.jpg\",\"width\":750,\"height\":324},{\"@type\":\"BreadcrumbList\",\"@id\":\"https:\/\/jobimpulse.pl\/uk\/%d0%b0%d1%83%d1%82%d1%81%d0%be%d1%80%d1%81%d0%b8%d0%bd%d0%b3-%d0%bf%d1%80%d0%be%d1%86%d0%b5%d1%81%d1%96%d0%b2\/#breadcrumb\",\"itemListElement\":[{\"@type\":\"ListItem\",\"position\":1,\"name\":\"Home\",\"item\":\"https:\/\/jobimpulse.pl\/uk\/\"},{\"@type\":\"ListItem\",\"position\":2,\"name\":\"\u0410\u0443\u0442\u0441\u043e\u0440\u0441\u0438\u043d\u0433 \u043f\u0440\u043e\u0446\u0435\u0441\u0456\u0432\"}]},{\"@type\":\"WebSite\",\"@id\":\"https:\/\/jobimpulse.pl\/uk\/#website\",\"url\":\"https:\/\/jobimpulse.pl\/uk\/\",\"name\":\"Jobimpulse.pl\",\"description\":\"\",\"potentialAction\":[{\"@type\":\"SearchAction\",\"target\":{\"@type\":\"EntryPoint\",\"urlTemplate\":\"https:\/\/jobimpulse.pl\/uk\/?s={search_term_string}\"},\"query-input\":{\"@type\":\"PropertyValueSpecification\",\"valueRequired\":true,\"valueName\":\"search_term_string\"}}],\"inLanguage\":\"uk\"}]}<\/script>\n<!-- \/ Yoast SEO Premium plugin. -->","yoast_head_json":{"title":"\u0410\u0443\u0442\u0441\u043e\u0440\u0441\u0438\u043d\u0433 \u043f\u0440\u043e\u0446\u0435\u0441\u0456\u0432 - Jobimpulse.pl","description":"Optymalizujemy procesy administracyjne, produkcyjne i logistyczne. Sprawd\u017a, jak pomo\u017cemy zwi\u0119kszy\u0107 efektywno\u015b\u0107 w Twojej firmie.","robots":{"index":"index","follow":"follow","max-snippet":"max-snippet:-1","max-image-preview":"max-image-preview:large","max-video-preview":"max-video-preview:-1"},"canonical":"https:\/\/jobimpulse.pl\/uk\/%d0%b0%d1%83%d1%82%d1%81%d0%be%d1%80%d1%81%d0%b8%d0%bd%d0%b3-%d0%bf%d1%80%d0%be%d1%86%d0%b5%d1%81%d1%96%d0%b2\/","og_locale":"uk_UA","og_type":"article","og_title":"\u0410\u0443\u0442\u0441\u043e\u0440\u0441\u0438\u043d\u0433 \u043f\u0440\u043e\u0446\u0435\u0441\u0456\u0432","og_description":"Optymalizujemy procesy administracyjne, produkcyjne i logistyczne. Sprawd\u017a, jak pomo\u017cemy zwi\u0119kszy\u0107 efektywno\u015b\u0107 w Twojej firmie.","og_url":"https:\/\/jobimpulse.pl\/uk\/%d0%b0%d1%83%d1%82%d1%81%d0%be%d1%80%d1%81%d0%b8%d0%bd%d0%b3-%d0%bf%d1%80%d0%be%d1%86%d0%b5%d1%81%d1%96%d0%b2\/","og_site_name":"Jobimpulse.pl","article_modified_time":"2024-03-22T16:35:44+00:00","og_image":[{"width":750,"height":324,"url":"https:\/\/jobimpulse.pl\/wp-content\/uploads\/2022\/01\/our-services-op.jpg","type":"image\/jpeg"}],"twitter_card":"summary_large_image","schema":{"@context":"https:\/\/schema.org","@graph":[{"@type":"WebPage","@id":"https:\/\/jobimpulse.pl\/uk\/%d0%b0%d1%83%d1%82%d1%81%d0%be%d1%80%d1%81%d0%b8%d0%bd%d0%b3-%d0%bf%d1%80%d0%be%d1%86%d0%b5%d1%81%d1%96%d0%b2\/","url":"https:\/\/jobimpulse.pl\/uk\/%d0%b0%d1%83%d1%82%d1%81%d0%be%d1%80%d1%81%d0%b8%d0%bd%d0%b3-%d0%bf%d1%80%d0%be%d1%86%d0%b5%d1%81%d1%96%d0%b2\/","name":"\u0410\u0443\u0442\u0441\u043e\u0440\u0441\u0438\u043d\u0433 \u043f\u0440\u043e\u0446\u0435\u0441\u0456\u0432 - Jobimpulse.pl","isPartOf":{"@id":"https:\/\/jobimpulse.pl\/uk\/#website"},"primaryImageOfPage":{"@id":"https:\/\/jobimpulse.pl\/uk\/%d0%b0%d1%83%d1%82%d1%81%d0%be%d1%80%d1%81%d0%b8%d0%bd%d0%b3-%d0%bf%d1%80%d0%be%d1%86%d0%b5%d1%81%d1%96%d0%b2\/#primaryimage"},"image":{"@id":"https:\/\/jobimpulse.pl\/uk\/%d0%b0%d1%83%d1%82%d1%81%d0%be%d1%80%d1%81%d0%b8%d0%bd%d0%b3-%d0%bf%d1%80%d0%be%d1%86%d0%b5%d1%81%d1%96%d0%b2\/#primaryimage"},"thumbnailUrl":"https:\/\/jobimpulse.pl\/wp-content\/uploads\/2022\/01\/our-services-op.jpg","datePublished":"2022-01-07T13:01:01+00:00","dateModified":"2024-03-22T16:35:44+00:00","description":"Optymalizujemy procesy administracyjne, produkcyjne i logistyczne. Sprawd\u017a, jak pomo\u017cemy zwi\u0119kszy\u0107 efektywno\u015b\u0107 w Twojej firmie.","breadcrumb":{"@id":"https:\/\/jobimpulse.pl\/uk\/%d0%b0%d1%83%d1%82%d1%81%d0%be%d1%80%d1%81%d0%b8%d0%bd%d0%b3-%d0%bf%d1%80%d0%be%d1%86%d0%b5%d1%81%d1%96%d0%b2\/#breadcrumb"},"inLanguage":"uk","potentialAction":[{"@type":"ReadAction","target":["https:\/\/jobimpulse.pl\/uk\/%d0%b0%d1%83%d1%82%d1%81%d0%be%d1%80%d1%81%d0%b8%d0%bd%d0%b3-%d0%bf%d1%80%d0%be%d1%86%d0%b5%d1%81%d1%96%d0%b2\/"]}]},{"@type":"ImageObject","inLanguage":"uk","@id":"https:\/\/jobimpulse.pl\/uk\/%d0%b0%d1%83%d1%82%d1%81%d0%be%d1%80%d1%81%d0%b8%d0%bd%d0%b3-%d0%bf%d1%80%d0%be%d1%86%d0%b5%d1%81%d1%96%d0%b2\/#primaryimage","url":"https:\/\/jobimpulse.pl\/wp-content\/uploads\/2022\/01\/our-services-op.jpg","contentUrl":"https:\/\/jobimpulse.pl\/wp-content\/uploads\/2022\/01\/our-services-op.jpg","width":750,"height":324},{"@type":"BreadcrumbList","@id":"https:\/\/jobimpulse.pl\/uk\/%d0%b0%d1%83%d1%82%d1%81%d0%be%d1%80%d1%81%d0%b8%d0%bd%d0%b3-%d0%bf%d1%80%d0%be%d1%86%d0%b5%d1%81%d1%96%d0%b2\/#breadcrumb","itemListElement":[{"@type":"ListItem","position":1,"name":"Home","item":"https:\/\/jobimpulse.pl\/uk\/"},{"@type":"ListItem","position":2,"name":"\u0410\u0443\u0442\u0441\u043e\u0440\u0441\u0438\u043d\u0433 \u043f\u0440\u043e\u0446\u0435\u0441\u0456\u0432"}]},{"@type":"WebSite","@id":"https:\/\/jobimpulse.pl\/uk\/#website","url":"https:\/\/jobimpulse.pl\/uk\/","name":"Jobimpulse.pl","description":"","potentialAction":[{"@type":"SearchAction","target":{"@type":"EntryPoint","urlTemplate":"https:\/\/jobimpulse.pl\/uk\/?s={search_term_string}"},"query-input":{"@type":"PropertyValueSpecification","valueRequired":true,"valueName":"search_term_string"}}],"inLanguage":"uk"}]}},"_links":{"self":[{"href":"https:\/\/jobimpulse.pl\/uk\/wp-json\/wp\/v2\/pages\/1762","targetHints":{"allow":["GET"]}}],"collection":[{"href":"https:\/\/jobimpulse.pl\/uk\/wp-json\/wp\/v2\/pages"}],"about":[{"href":"https:\/\/jobimpulse.pl\/uk\/wp-json\/wp\/v2\/types\/page"}],"author":[{"embeddable":true,"href":"https:\/\/jobimpulse.pl\/uk\/wp-json\/wp\/v2\/users\/1"}],"replies":[{"embeddable":true,"href":"https:\/\/jobimpulse.pl\/uk\/wp-json\/wp\/v2\/comments?post=1762"}],"version-history":[{"count":1,"href":"https:\/\/jobimpulse.pl\/uk\/wp-json\/wp\/v2\/pages\/1762\/revisions"}],"predecessor-version":[{"id":1938,"href":"https:\/\/jobimpulse.pl\/uk\/wp-json\/wp\/v2\/pages\/1762\/revisions\/1938"}],"wp:featuredmedia":[{"embeddable":true,"href":"https:\/\/jobimpulse.pl\/uk\/wp-json\/wp\/v2\/media\/1370"}],"wp:attachment":[{"href":"https:\/\/jobimpulse.pl\/uk\/wp-json\/wp\/v2\/media?parent=1762"}],"wp:term":[{"taxonomy":"category","embeddable":true,"href":"https:\/\/jobimpulse.pl\/uk\/wp-json\/wp\/v2\/categories?post=1762"},{"taxonomy":"post_tag","embeddable":true,"href":"https:\/\/jobimpulse.pl\/uk\/wp-json\/wp\/v2\/tags?post=1762"}],"curies":[{"name":"wp","href":"https:\/\/api.w.org\/{rel}","templated":true}]}}