{"id":1772,"date":"2022-01-07T13:54:23","date_gmt":"2022-01-07T12:54:23","guid":{"rendered":"http:\/\/jobimpulse.pl\/?page_id=1772"},"modified":"2024-03-22T17:37:47","modified_gmt":"2024-03-22T16:37:47","slug":"%d0%bf%d0%be%d1%81%d1%82%d1%96%d0%b9%d0%bd%d1%96-%d0%bd%d0%b0%d0%b1%d0%be%d1%80%d0%b8","status":"publish","type":"page","link":"https:\/\/jobimpulse.pl\/uk\/%d0%bf%d0%be%d1%81%d1%82%d1%96%d0%b9%d0%bd%d1%96-%d0%bd%d0%b0%d0%b1%d0%be%d1%80%d0%b8\/","title":{"rendered":"\u041f\u043e\u0441\u0442\u0456\u0439\u043d\u0456 \u043d\u0430\u0431\u043e\u0440\u0438"},"content":{"rendered":"","protected":false},"excerpt":{"rendered":"<p>Skutecznie pozyskujemy kandydat\u00f3w na stanowiska wszystkich szczebli. Przejmujemy od dzia\u0142\u00f3w HR czasoch\u0142onne i kosztowne procesy rekrutacji i selekcji pracownik\u00f3w. K\u0142adziemy nacisk na poznanie potrzeb, oczekiwa\u0144 oraz wymaga\u0144 Twojego biznesu, aby zaproponowa\u0107 kandydat\u00f3w o odpowiednich kompetencjach.<\/p>\n","protected":false},"author":1,"featured_media":1380,"parent":0,"menu_order":0,"comment_status":"closed","ping_status":"closed","template":"rekrutacje-stale-template.php","meta":{"footnotes":""},"categories":[181],"tags":[],"class_list":["post-1772","page","type-page","status-publish","has-post-thumbnail","hentry","category-181"],"yoast_head":"<!-- This site is optimized with the Yoast SEO Premium plugin v26.6 (Yoast SEO v26.6) - https:\/\/yoast.com\/wordpress\/plugins\/seo\/ -->\n<title>\u041f\u043e\u0441\u0442\u0456\u0439\u043d\u0456 \u043d\u0430\u0431\u043e\u0440\u0438 - Jobimpulse.pl<\/title>\n<meta name=\"robots\" content=\"index, follow, max-snippet:-1, max-image-preview:large, max-video-preview:-1\" \/>\n<link rel=\"canonical\" href=\"https:\/\/jobimpulse.pl\/uk\/%d0%bf%d0%be%d1%81%d1%82%d1%96%d0%b9%d0%bd%d1%96-%d0%bd%d0%b0%d0%b1%d0%be%d1%80%d0%b8\/\" \/>\n<meta property=\"og:locale\" content=\"uk_UA\" \/>\n<meta property=\"og:type\" content=\"article\" \/>\n<meta property=\"og:title\" content=\"\u041f\u043e\u0441\u0442\u0456\u0439\u043d\u0456 \u043d\u0430\u0431\u043e\u0440\u0438\" \/>\n<meta property=\"og:description\" content=\"Skutecznie pozyskujemy kandydat\u00f3w na stanowiska wszystkich szczebli. Przejmujemy od dzia\u0142\u00f3w HR czasoch\u0142onne i kosztowne procesy rekrutacji i selekcji pracownik\u00f3w. K\u0142adziemy nacisk na poznanie potrzeb, oczekiwa\u0144 oraz wymaga\u0144 Twojego biznesu, aby zaproponowa\u0107 kandydat\u00f3w o odpowiednich kompetencjach.\" \/>\n<meta property=\"og:url\" content=\"https:\/\/jobimpulse.pl\/uk\/%d0%bf%d0%be%d1%81%d1%82%d1%96%d0%b9%d0%bd%d1%96-%d0%bd%d0%b0%d0%b1%d0%be%d1%80%d0%b8\/\" \/>\n<meta property=\"og:site_name\" content=\"Jobimpulse.pl\" \/>\n<meta property=\"article:modified_time\" content=\"2024-03-22T16:37:47+00:00\" \/>\n<meta property=\"og:image\" content=\"https:\/\/jobimpulse.pl\/wp-content\/uploads\/2022\/01\/our-services-rekrutacje-stale.jpg\" \/>\n\t<meta property=\"og:image:width\" content=\"750\" \/>\n\t<meta property=\"og:image:height\" content=\"324\" \/>\n\t<meta property=\"og:image:type\" content=\"image\/jpeg\" \/>\n<meta name=\"twitter:card\" content=\"summary_large_image\" \/>\n<script type=\"application\/ld+json\" class=\"yoast-schema-graph\">{\"@context\":\"https:\/\/schema.org\",\"@graph\":[{\"@type\":\"WebPage\",\"@id\":\"https:\/\/jobimpulse.pl\/uk\/%d0%bf%d0%be%d1%81%d1%82%d1%96%d0%b9%d0%bd%d1%96-%d0%bd%d0%b0%d0%b1%d0%be%d1%80%d0%b8\/\",\"url\":\"https:\/\/jobimpulse.pl\/uk\/%d0%bf%d0%be%d1%81%d1%82%d1%96%d0%b9%d0%bd%d1%96-%d0%bd%d0%b0%d0%b1%d0%be%d1%80%d0%b8\/\",\"name\":\"\u041f\u043e\u0441\u0442\u0456\u0439\u043d\u0456 \u043d\u0430\u0431\u043e\u0440\u0438 - Jobimpulse.pl\",\"isPartOf\":{\"@id\":\"https:\/\/jobimpulse.pl\/uk\/#website\"},\"primaryImageOfPage\":{\"@id\":\"https:\/\/jobimpulse.pl\/uk\/%d0%bf%d0%be%d1%81%d1%82%d1%96%d0%b9%d0%bd%d1%96-%d0%bd%d0%b0%d0%b1%d0%be%d1%80%d0%b8\/#primaryimage\"},\"image\":{\"@id\":\"https:\/\/jobimpulse.pl\/uk\/%d0%bf%d0%be%d1%81%d1%82%d1%96%d0%b9%d0%bd%d1%96-%d0%bd%d0%b0%d0%b1%d0%be%d1%80%d0%b8\/#primaryimage\"},\"thumbnailUrl\":\"https:\/\/jobimpulse.pl\/wp-content\/uploads\/2022\/01\/our-services-rekrutacje-stale.jpg\",\"datePublished\":\"2022-01-07T12:54:23+00:00\",\"dateModified\":\"2024-03-22T16:37:47+00:00\",\"breadcrumb\":{\"@id\":\"https:\/\/jobimpulse.pl\/uk\/%d0%bf%d0%be%d1%81%d1%82%d1%96%d0%b9%d0%bd%d1%96-%d0%bd%d0%b0%d0%b1%d0%be%d1%80%d0%b8\/#breadcrumb\"},\"inLanguage\":\"uk\",\"potentialAction\":[{\"@type\":\"ReadAction\",\"target\":[\"https:\/\/jobimpulse.pl\/uk\/%d0%bf%d0%be%d1%81%d1%82%d1%96%d0%b9%d0%bd%d1%96-%d0%bd%d0%b0%d0%b1%d0%be%d1%80%d0%b8\/\"]}]},{\"@type\":\"ImageObject\",\"inLanguage\":\"uk\",\"@id\":\"https:\/\/jobimpulse.pl\/uk\/%d0%bf%d0%be%d1%81%d1%82%d1%96%d0%b9%d0%bd%d1%96-%d0%bd%d0%b0%d0%b1%d0%be%d1%80%d0%b8\/#primaryimage\",\"url\":\"https:\/\/jobimpulse.pl\/wp-content\/uploads\/2022\/01\/our-services-rekrutacje-stale.jpg\",\"contentUrl\":\"https:\/\/jobimpulse.pl\/wp-content\/uploads\/2022\/01\/our-services-rekrutacje-stale.jpg\",\"width\":750,\"height\":324},{\"@type\":\"BreadcrumbList\",\"@id\":\"https:\/\/jobimpulse.pl\/uk\/%d0%bf%d0%be%d1%81%d1%82%d1%96%d0%b9%d0%bd%d1%96-%d0%bd%d0%b0%d0%b1%d0%be%d1%80%d0%b8\/#breadcrumb\",\"itemListElement\":[{\"@type\":\"ListItem\",\"position\":1,\"name\":\"Home\",\"item\":\"https:\/\/jobimpulse.pl\/uk\/\"},{\"@type\":\"ListItem\",\"position\":2,\"name\":\"\u041f\u043e\u0441\u0442\u0456\u0439\u043d\u0456 \u043d\u0430\u0431\u043e\u0440\u0438\"}]},{\"@type\":\"WebSite\",\"@id\":\"https:\/\/jobimpulse.pl\/uk\/#website\",\"url\":\"https:\/\/jobimpulse.pl\/uk\/\",\"name\":\"Jobimpulse.pl\",\"description\":\"\",\"potentialAction\":[{\"@type\":\"SearchAction\",\"target\":{\"@type\":\"EntryPoint\",\"urlTemplate\":\"https:\/\/jobimpulse.pl\/uk\/?s={search_term_string}\"},\"query-input\":{\"@type\":\"PropertyValueSpecification\",\"valueRequired\":true,\"valueName\":\"search_term_string\"}}],\"inLanguage\":\"uk\"}]}<\/script>\n<!-- \/ Yoast SEO Premium plugin. -->","yoast_head_json":{"title":"\u041f\u043e\u0441\u0442\u0456\u0439\u043d\u0456 \u043d\u0430\u0431\u043e\u0440\u0438 - Jobimpulse.pl","robots":{"index":"index","follow":"follow","max-snippet":"max-snippet:-1","max-image-preview":"max-image-preview:large","max-video-preview":"max-video-preview:-1"},"canonical":"https:\/\/jobimpulse.pl\/uk\/%d0%bf%d0%be%d1%81%d1%82%d1%96%d0%b9%d0%bd%d1%96-%d0%bd%d0%b0%d0%b1%d0%be%d1%80%d0%b8\/","og_locale":"uk_UA","og_type":"article","og_title":"\u041f\u043e\u0441\u0442\u0456\u0439\u043d\u0456 \u043d\u0430\u0431\u043e\u0440\u0438","og_description":"Skutecznie pozyskujemy kandydat\u00f3w na stanowiska wszystkich szczebli. Przejmujemy od dzia\u0142\u00f3w HR czasoch\u0142onne i kosztowne procesy rekrutacji i selekcji pracownik\u00f3w. K\u0142adziemy nacisk na poznanie potrzeb, oczekiwa\u0144 oraz wymaga\u0144 Twojego biznesu, aby zaproponowa\u0107 kandydat\u00f3w o odpowiednich kompetencjach.","og_url":"https:\/\/jobimpulse.pl\/uk\/%d0%bf%d0%be%d1%81%d1%82%d1%96%d0%b9%d0%bd%d1%96-%d0%bd%d0%b0%d0%b1%d0%be%d1%80%d0%b8\/","og_site_name":"Jobimpulse.pl","article_modified_time":"2024-03-22T16:37:47+00:00","og_image":[{"width":750,"height":324,"url":"https:\/\/jobimpulse.pl\/wp-content\/uploads\/2022\/01\/our-services-rekrutacje-stale.jpg","type":"image\/jpeg"}],"twitter_card":"summary_large_image","schema":{"@context":"https:\/\/schema.org","@graph":[{"@type":"WebPage","@id":"https:\/\/jobimpulse.pl\/uk\/%d0%bf%d0%be%d1%81%d1%82%d1%96%d0%b9%d0%bd%d1%96-%d0%bd%d0%b0%d0%b1%d0%be%d1%80%d0%b8\/","url":"https:\/\/jobimpulse.pl\/uk\/%d0%bf%d0%be%d1%81%d1%82%d1%96%d0%b9%d0%bd%d1%96-%d0%bd%d0%b0%d0%b1%d0%be%d1%80%d0%b8\/","name":"\u041f\u043e\u0441\u0442\u0456\u0439\u043d\u0456 \u043d\u0430\u0431\u043e\u0440\u0438 - Jobimpulse.pl","isPartOf":{"@id":"https:\/\/jobimpulse.pl\/uk\/#website"},"primaryImageOfPage":{"@id":"https:\/\/jobimpulse.pl\/uk\/%d0%bf%d0%be%d1%81%d1%82%d1%96%d0%b9%d0%bd%d1%96-%d0%bd%d0%b0%d0%b1%d0%be%d1%80%d0%b8\/#primaryimage"},"image":{"@id":"https:\/\/jobimpulse.pl\/uk\/%d0%bf%d0%be%d1%81%d1%82%d1%96%d0%b9%d0%bd%d1%96-%d0%bd%d0%b0%d0%b1%d0%be%d1%80%d0%b8\/#primaryimage"},"thumbnailUrl":"https:\/\/jobimpulse.pl\/wp-content\/uploads\/2022\/01\/our-services-rekrutacje-stale.jpg","datePublished":"2022-01-07T12:54:23+00:00","dateModified":"2024-03-22T16:37:47+00:00","breadcrumb":{"@id":"https:\/\/jobimpulse.pl\/uk\/%d0%bf%d0%be%d1%81%d1%82%d1%96%d0%b9%d0%bd%d1%96-%d0%bd%d0%b0%d0%b1%d0%be%d1%80%d0%b8\/#breadcrumb"},"inLanguage":"uk","potentialAction":[{"@type":"ReadAction","target":["https:\/\/jobimpulse.pl\/uk\/%d0%bf%d0%be%d1%81%d1%82%d1%96%d0%b9%d0%bd%d1%96-%d0%bd%d0%b0%d0%b1%d0%be%d1%80%d0%b8\/"]}]},{"@type":"ImageObject","inLanguage":"uk","@id":"https:\/\/jobimpulse.pl\/uk\/%d0%bf%d0%be%d1%81%d1%82%d1%96%d0%b9%d0%bd%d1%96-%d0%bd%d0%b0%d0%b1%d0%be%d1%80%d0%b8\/#primaryimage","url":"https:\/\/jobimpulse.pl\/wp-content\/uploads\/2022\/01\/our-services-rekrutacje-stale.jpg","contentUrl":"https:\/\/jobimpulse.pl\/wp-content\/uploads\/2022\/01\/our-services-rekrutacje-stale.jpg","width":750,"height":324},{"@type":"BreadcrumbList","@id":"https:\/\/jobimpulse.pl\/uk\/%d0%bf%d0%be%d1%81%d1%82%d1%96%d0%b9%d0%bd%d1%96-%d0%bd%d0%b0%d0%b1%d0%be%d1%80%d0%b8\/#breadcrumb","itemListElement":[{"@type":"ListItem","position":1,"name":"Home","item":"https:\/\/jobimpulse.pl\/uk\/"},{"@type":"ListItem","position":2,"name":"\u041f\u043e\u0441\u0442\u0456\u0439\u043d\u0456 \u043d\u0430\u0431\u043e\u0440\u0438"}]},{"@type":"WebSite","@id":"https:\/\/jobimpulse.pl\/uk\/#website","url":"https:\/\/jobimpulse.pl\/uk\/","name":"Jobimpulse.pl","description":"","potentialAction":[{"@type":"SearchAction","target":{"@type":"EntryPoint","urlTemplate":"https:\/\/jobimpulse.pl\/uk\/?s={search_term_string}"},"query-input":{"@type":"PropertyValueSpecification","valueRequired":true,"valueName":"search_term_string"}}],"inLanguage":"uk"}]}},"_links":{"self":[{"href":"https:\/\/jobimpulse.pl\/uk\/wp-json\/wp\/v2\/pages\/1772","targetHints":{"allow":["GET"]}}],"collection":[{"href":"https:\/\/jobimpulse.pl\/uk\/wp-json\/wp\/v2\/pages"}],"about":[{"href":"https:\/\/jobimpulse.pl\/uk\/wp-json\/wp\/v2\/types\/page"}],"author":[{"embeddable":true,"href":"https:\/\/jobimpulse.pl\/uk\/wp-json\/wp\/v2\/users\/1"}],"replies":[{"embeddable":true,"href":"https:\/\/jobimpulse.pl\/uk\/wp-json\/wp\/v2\/comments?post=1772"}],"version-history":[{"count":1,"href":"https:\/\/jobimpulse.pl\/uk\/wp-json\/wp\/v2\/pages\/1772\/revisions"}],"predecessor-version":[{"id":1948,"href":"https:\/\/jobimpulse.pl\/uk\/wp-json\/wp\/v2\/pages\/1772\/revisions\/1948"}],"wp:featuredmedia":[{"embeddable":true,"href":"https:\/\/jobimpulse.pl\/uk\/wp-json\/wp\/v2\/media\/1380"}],"wp:attachment":[{"href":"https:\/\/jobimpulse.pl\/uk\/wp-json\/wp\/v2\/media?parent=1772"}],"wp:term":[{"taxonomy":"category","embeddable":true,"href":"https:\/\/jobimpulse.pl\/uk\/wp-json\/wp\/v2\/categories?post=1772"},{"taxonomy":"post_tag","embeddable":true,"href":"https:\/\/jobimpulse.pl\/uk\/wp-json\/wp\/v2\/tags?post=1772"}],"curies":[{"name":"wp","href":"https:\/\/api.w.org\/{rel}","templated":true}]}}