{"id":1779,"date":"2021-12-17T09:44:40","date_gmt":"2021-12-17T08:44:40","guid":{"rendered":"http:\/\/jobimpulse.pl\/?page_id=1779"},"modified":"2024-03-22T17:37:24","modified_gmt":"2024-03-22T16:37:24","slug":"%d0%be%d0%b1%d1%80%d0%b0%d0%bd%d1%96-%d1%80%d0%be%d0%b1%d0%be%d1%82%d0%be%d0%b4%d0%b0%d0%b2%d1%86%d1%96","status":"publish","type":"page","link":"https:\/\/jobimpulse.pl\/uk\/%d0%be%d0%b1%d1%80%d0%b0%d0%bd%d1%96-%d1%80%d0%be%d0%b1%d0%be%d1%82%d0%be%d0%b4%d0%b0%d0%b2%d1%86%d1%96\/","title":{"rendered":"\u041e\u0431\u0440\u0430\u043d\u0456 \u0440\u043e\u0431\u043e\u0442\u043e\u0434\u0430\u0432\u0446\u0456"},"content":{"rendered":"","protected":false},"excerpt":{"rendered":"<p>Odwied\u017a profil wybranego pracodawcy, aby sprawdzi\u0107 aktualne oferty pracy i pozna\u0107 bli\u017cej swoje przysz\u0142e miejsce zatrudnienia.<\/p>\n","protected":false},"author":1,"featured_media":0,"parent":0,"menu_order":0,"comment_status":"closed","ping_status":"closed","template":"employers-template.php","meta":{"footnotes":""},"categories":[],"tags":[],"class_list":["post-1779","page","type-page","status-publish","hentry"],"yoast_head":"<!-- This site is optimized with the Yoast SEO Premium plugin v26.6 (Yoast SEO v26.6) - https:\/\/yoast.com\/wordpress\/plugins\/seo\/ -->\n<title>\u041e\u0431\u0440\u0430\u043d\u0456 \u0440\u043e\u0431\u043e\u0442\u043e\u0434\u0430\u0432\u0446\u0456 - Jobimpulse.pl<\/title>\n<meta name=\"robots\" content=\"index, follow, max-snippet:-1, max-image-preview:large, max-video-preview:-1\" \/>\n<link rel=\"canonical\" href=\"https:\/\/jobimpulse.pl\/uk\/%d0%be%d0%b1%d1%80%d0%b0%d0%bd%d1%96-%d1%80%d0%be%d0%b1%d0%be%d1%82%d0%be%d0%b4%d0%b0%d0%b2%d1%86%d1%96\/\" \/>\n<meta property=\"og:locale\" content=\"uk_UA\" \/>\n<meta property=\"og:type\" content=\"article\" \/>\n<meta property=\"og:title\" content=\"\u041e\u0431\u0440\u0430\u043d\u0456 \u0440\u043e\u0431\u043e\u0442\u043e\u0434\u0430\u0432\u0446\u0456\" \/>\n<meta property=\"og:description\" content=\"Odwied\u017a profil wybranego pracodawcy, aby sprawdzi\u0107 aktualne oferty pracy i pozna\u0107 bli\u017cej swoje przysz\u0142e miejsce zatrudnienia.\" \/>\n<meta property=\"og:url\" content=\"https:\/\/jobimpulse.pl\/uk\/%d0%be%d0%b1%d1%80%d0%b0%d0%bd%d1%96-%d1%80%d0%be%d0%b1%d0%be%d1%82%d0%be%d0%b4%d0%b0%d0%b2%d1%86%d1%96\/\" \/>\n<meta property=\"og:site_name\" content=\"Jobimpulse.pl\" \/>\n<meta property=\"article:modified_time\" content=\"2024-03-22T16:37:24+00:00\" \/>\n<meta name=\"twitter:card\" content=\"summary_large_image\" \/>\n<script type=\"application\/ld+json\" class=\"yoast-schema-graph\">{\"@context\":\"https:\/\/schema.org\",\"@graph\":[{\"@type\":\"WebPage\",\"@id\":\"https:\/\/jobimpulse.pl\/uk\/%d0%be%d0%b1%d1%80%d0%b0%d0%bd%d1%96-%d1%80%d0%be%d0%b1%d0%be%d1%82%d0%be%d0%b4%d0%b0%d0%b2%d1%86%d1%96\/\",\"url\":\"https:\/\/jobimpulse.pl\/uk\/%d0%be%d0%b1%d1%80%d0%b0%d0%bd%d1%96-%d1%80%d0%be%d0%b1%d0%be%d1%82%d0%be%d0%b4%d0%b0%d0%b2%d1%86%d1%96\/\",\"name\":\"\u041e\u0431\u0440\u0430\u043d\u0456 \u0440\u043e\u0431\u043e\u0442\u043e\u0434\u0430\u0432\u0446\u0456 - Jobimpulse.pl\",\"isPartOf\":{\"@id\":\"https:\/\/jobimpulse.pl\/uk\/#website\"},\"datePublished\":\"2021-12-17T08:44:40+00:00\",\"dateModified\":\"2024-03-22T16:37:24+00:00\",\"breadcrumb\":{\"@id\":\"https:\/\/jobimpulse.pl\/uk\/%d0%be%d0%b1%d1%80%d0%b0%d0%bd%d1%96-%d1%80%d0%be%d0%b1%d0%be%d1%82%d0%be%d0%b4%d0%b0%d0%b2%d1%86%d1%96\/#breadcrumb\"},\"inLanguage\":\"uk\",\"potentialAction\":[{\"@type\":\"ReadAction\",\"target\":[\"https:\/\/jobimpulse.pl\/uk\/%d0%be%d0%b1%d1%80%d0%b0%d0%bd%d1%96-%d1%80%d0%be%d0%b1%d0%be%d1%82%d0%be%d0%b4%d0%b0%d0%b2%d1%86%d1%96\/\"]}]},{\"@type\":\"BreadcrumbList\",\"@id\":\"https:\/\/jobimpulse.pl\/uk\/%d0%be%d0%b1%d1%80%d0%b0%d0%bd%d1%96-%d1%80%d0%be%d0%b1%d0%be%d1%82%d0%be%d0%b4%d0%b0%d0%b2%d1%86%d1%96\/#breadcrumb\",\"itemListElement\":[{\"@type\":\"ListItem\",\"position\":1,\"name\":\"Home\",\"item\":\"https:\/\/jobimpulse.pl\/uk\/\"},{\"@type\":\"ListItem\",\"position\":2,\"name\":\"\u041e\u0431\u0440\u0430\u043d\u0456 \u0440\u043e\u0431\u043e\u0442\u043e\u0434\u0430\u0432\u0446\u0456\"}]},{\"@type\":\"WebSite\",\"@id\":\"https:\/\/jobimpulse.pl\/uk\/#website\",\"url\":\"https:\/\/jobimpulse.pl\/uk\/\",\"name\":\"Jobimpulse.pl\",\"description\":\"\",\"potentialAction\":[{\"@type\":\"SearchAction\",\"target\":{\"@type\":\"EntryPoint\",\"urlTemplate\":\"https:\/\/jobimpulse.pl\/uk\/?s={search_term_string}\"},\"query-input\":{\"@type\":\"PropertyValueSpecification\",\"valueRequired\":true,\"valueName\":\"search_term_string\"}}],\"inLanguage\":\"uk\"}]}<\/script>\n<!-- \/ Yoast SEO Premium plugin. -->","yoast_head_json":{"title":"\u041e\u0431\u0440\u0430\u043d\u0456 \u0440\u043e\u0431\u043e\u0442\u043e\u0434\u0430\u0432\u0446\u0456 - Jobimpulse.pl","robots":{"index":"index","follow":"follow","max-snippet":"max-snippet:-1","max-image-preview":"max-image-preview:large","max-video-preview":"max-video-preview:-1"},"canonical":"https:\/\/jobimpulse.pl\/uk\/%d0%be%d0%b1%d1%80%d0%b0%d0%bd%d1%96-%d1%80%d0%be%d0%b1%d0%be%d1%82%d0%be%d0%b4%d0%b0%d0%b2%d1%86%d1%96\/","og_locale":"uk_UA","og_type":"article","og_title":"\u041e\u0431\u0440\u0430\u043d\u0456 \u0440\u043e\u0431\u043e\u0442\u043e\u0434\u0430\u0432\u0446\u0456","og_description":"Odwied\u017a profil wybranego pracodawcy, aby sprawdzi\u0107 aktualne oferty pracy i pozna\u0107 bli\u017cej swoje przysz\u0142e miejsce zatrudnienia.","og_url":"https:\/\/jobimpulse.pl\/uk\/%d0%be%d0%b1%d1%80%d0%b0%d0%bd%d1%96-%d1%80%d0%be%d0%b1%d0%be%d1%82%d0%be%d0%b4%d0%b0%d0%b2%d1%86%d1%96\/","og_site_name":"Jobimpulse.pl","article_modified_time":"2024-03-22T16:37:24+00:00","twitter_card":"summary_large_image","schema":{"@context":"https:\/\/schema.org","@graph":[{"@type":"WebPage","@id":"https:\/\/jobimpulse.pl\/uk\/%d0%be%d0%b1%d1%80%d0%b0%d0%bd%d1%96-%d1%80%d0%be%d0%b1%d0%be%d1%82%d0%be%d0%b4%d0%b0%d0%b2%d1%86%d1%96\/","url":"https:\/\/jobimpulse.pl\/uk\/%d0%be%d0%b1%d1%80%d0%b0%d0%bd%d1%96-%d1%80%d0%be%d0%b1%d0%be%d1%82%d0%be%d0%b4%d0%b0%d0%b2%d1%86%d1%96\/","name":"\u041e\u0431\u0440\u0430\u043d\u0456 \u0440\u043e\u0431\u043e\u0442\u043e\u0434\u0430\u0432\u0446\u0456 - Jobimpulse.pl","isPartOf":{"@id":"https:\/\/jobimpulse.pl\/uk\/#website"},"datePublished":"2021-12-17T08:44:40+00:00","dateModified":"2024-03-22T16:37:24+00:00","breadcrumb":{"@id":"https:\/\/jobimpulse.pl\/uk\/%d0%be%d0%b1%d1%80%d0%b0%d0%bd%d1%96-%d1%80%d0%be%d0%b1%d0%be%d1%82%d0%be%d0%b4%d0%b0%d0%b2%d1%86%d1%96\/#breadcrumb"},"inLanguage":"uk","potentialAction":[{"@type":"ReadAction","target":["https:\/\/jobimpulse.pl\/uk\/%d0%be%d0%b1%d1%80%d0%b0%d0%bd%d1%96-%d1%80%d0%be%d0%b1%d0%be%d1%82%d0%be%d0%b4%d0%b0%d0%b2%d1%86%d1%96\/"]}]},{"@type":"BreadcrumbList","@id":"https:\/\/jobimpulse.pl\/uk\/%d0%be%d0%b1%d1%80%d0%b0%d0%bd%d1%96-%d1%80%d0%be%d0%b1%d0%be%d1%82%d0%be%d0%b4%d0%b0%d0%b2%d1%86%d1%96\/#breadcrumb","itemListElement":[{"@type":"ListItem","position":1,"name":"Home","item":"https:\/\/jobimpulse.pl\/uk\/"},{"@type":"ListItem","position":2,"name":"\u041e\u0431\u0440\u0430\u043d\u0456 \u0440\u043e\u0431\u043e\u0442\u043e\u0434\u0430\u0432\u0446\u0456"}]},{"@type":"WebSite","@id":"https:\/\/jobimpulse.pl\/uk\/#website","url":"https:\/\/jobimpulse.pl\/uk\/","name":"Jobimpulse.pl","description":"","potentialAction":[{"@type":"SearchAction","target":{"@type":"EntryPoint","urlTemplate":"https:\/\/jobimpulse.pl\/uk\/?s={search_term_string}"},"query-input":{"@type":"PropertyValueSpecification","valueRequired":true,"valueName":"search_term_string"}}],"inLanguage":"uk"}]}},"_links":{"self":[{"href":"https:\/\/jobimpulse.pl\/uk\/wp-json\/wp\/v2\/pages\/1779","targetHints":{"allow":["GET"]}}],"collection":[{"href":"https:\/\/jobimpulse.pl\/uk\/wp-json\/wp\/v2\/pages"}],"about":[{"href":"https:\/\/jobimpulse.pl\/uk\/wp-json\/wp\/v2\/types\/page"}],"author":[{"embeddable":true,"href":"https:\/\/jobimpulse.pl\/uk\/wp-json\/wp\/v2\/users\/1"}],"replies":[{"embeddable":true,"href":"https:\/\/jobimpulse.pl\/uk\/wp-json\/wp\/v2\/comments?post=1779"}],"version-history":[{"count":1,"href":"https:\/\/jobimpulse.pl\/uk\/wp-json\/wp\/v2\/pages\/1779\/revisions"}],"predecessor-version":[{"id":1946,"href":"https:\/\/jobimpulse.pl\/uk\/wp-json\/wp\/v2\/pages\/1779\/revisions\/1946"}],"wp:attachment":[{"href":"https:\/\/jobimpulse.pl\/uk\/wp-json\/wp\/v2\/media?parent=1779"}],"wp:term":[{"taxonomy":"category","embeddable":true,"href":"https:\/\/jobimpulse.pl\/uk\/wp-json\/wp\/v2\/categories?post=1779"},{"taxonomy":"post_tag","embeddable":true,"href":"https:\/\/jobimpulse.pl\/uk\/wp-json\/wp\/v2\/tags?post=1779"}],"curies":[{"name":"wp","href":"https:\/\/api.w.org\/{rel}","templated":true}]}}