{"id":1798,"date":"2022-01-17T22:52:09","date_gmt":"2022-01-17T21:52:09","guid":{"rendered":"http:\/\/jobimpulse.pl\/?page_id=1798"},"modified":"2024-03-22T17:35:08","modified_gmt":"2024-03-22T16:35:08","slug":"%d0%bf%d1%80%d0%b0%d1%86%d0%b5%d0%b2%d0%bb%d0%b0%d1%88%d1%82%d1%83%d0%b2%d0%b0%d0%bd%d0%bd%d1%8f-%d1%96%d0%bd%d0%be%d0%b7%d0%b5%d0%bc%d1%86%d1%96%d0%b2","status":"publish","type":"page","link":"https:\/\/jobimpulse.pl\/uk\/%d0%bf%d1%80%d0%b0%d1%86%d0%b5%d0%b2%d0%bb%d0%b0%d1%88%d1%82%d1%83%d0%b2%d0%b0%d0%bd%d0%bd%d1%8f-%d1%96%d0%bd%d0%be%d0%b7%d0%b5%d0%bc%d1%86%d1%96%d0%b2\/","title":{"rendered":"\u041f\u0440\u0430\u0446\u0435\u0432\u043b\u0430\u0448\u0442\u0443\u0432\u0430\u043d\u043d\u044f \u0456\u043d\u043e\u0437\u0435\u043c\u0446\u0456\u0432"},"content":{"rendered":"\n<p>Zatrudnianie cudzoziemc\u00f3w<\/p>\n","protected":false},"excerpt":{"rendered":"<p>Kompleksowo zajmujemy si\u0119 procesem rekrutacji i zatrudniania pracownik\u00f3w z zagranicy. Znajdziemy dla Ciebie odpowiednich kandydat\u00f3w, dope\u0142nimy wszelkich formalno\u015bci, a tak\u017ce zadbamy o integracj\u0119 pracownik\u00f3w w nowym miejscu pracy. Dzia\u0142amy legalnie, etycznie i zgodnie z obowi\u0105zuj\u0105cymi przepisami prawa.<\/p>\n","protected":false},"author":1,"featured_media":1376,"parent":0,"menu_order":0,"comment_status":"closed","ping_status":"closed","template":"zatrudnianie-cudzoziemcow-template.php","meta":{"footnotes":""},"categories":[181],"tags":[220,226,287,288,271,289,290,215,221,243,291],"class_list":["post-1798","page","type-page","status-publish","has-post-thumbnail","hentry","category-181","tag-agencja-pracy-uk","tag-agencja-zatrudnienia-uk","tag-oferty-pracy-dla-cudzoziemca-uk","tag-praca-dla-cudzoziemca-uk","tag-praca-dla-cudzoziemcow-uk","tag-praca-dla-imigranta-uk","tag-praca-dla-uchodzcy-uk","tag-praca-tymczasowa-uk","tag-zatrudnianie-cudzoziemcow-uk","tag-zatrudnianie-pracownikow-uk","tag-zatrudnianie-uhodzcow-uk"],"yoast_head":"<!-- This site is optimized with the Yoast SEO Premium plugin v26.6 (Yoast SEO v26.6) - https:\/\/yoast.com\/wordpress\/plugins\/seo\/ -->\n<title>\u041f\u0440\u0430\u0446\u0435\u0432\u043b\u0430\u0448\u0442\u0443\u0432\u0430\u043d\u043d\u044f \u0456\u043d\u043e\u0437\u0435\u043c\u0446\u0456\u0432 - legalizacja pobytu - Jobimpulse.pl<\/title>\n<meta name=\"description\" content=\"W agencji pracy Job Impulse gwarantujemy w pe\u0142ni legalizacj\u0119 pobytu oraz legalne zatrudnianie cudzoziemc\u00f3w.\" \/>\n<meta name=\"robots\" content=\"index, follow, max-snippet:-1, max-image-preview:large, max-video-preview:-1\" \/>\n<link rel=\"canonical\" href=\"https:\/\/jobimpulse.pl\/uk\/%d0%bf%d1%80%d0%b0%d1%86%d0%b5%d0%b2%d0%bb%d0%b0%d1%88%d1%82%d1%83%d0%b2%d0%b0%d0%bd%d0%bd%d1%8f-%d1%96%d0%bd%d0%be%d0%b7%d0%b5%d0%bc%d1%86%d1%96%d0%b2\/\" \/>\n<meta property=\"og:locale\" content=\"uk_UA\" \/>\n<meta property=\"og:type\" content=\"article\" \/>\n<meta property=\"og:title\" content=\"\u041f\u0440\u0430\u0446\u0435\u0432\u043b\u0430\u0448\u0442\u0443\u0432\u0430\u043d\u043d\u044f \u0456\u043d\u043e\u0437\u0435\u043c\u0446\u0456\u0432\" \/>\n<meta property=\"og:description\" content=\"W agencji pracy Job Impulse gwarantujemy w pe\u0142ni legalizacj\u0119 pobytu oraz legalne zatrudnianie cudzoziemc\u00f3w.\" \/>\n<meta property=\"og:url\" content=\"https:\/\/jobimpulse.pl\/uk\/%d0%bf%d1%80%d0%b0%d1%86%d0%b5%d0%b2%d0%bb%d0%b0%d1%88%d1%82%d1%83%d0%b2%d0%b0%d0%bd%d0%bd%d1%8f-%d1%96%d0%bd%d0%be%d0%b7%d0%b5%d0%bc%d1%86%d1%96%d0%b2\/\" \/>\n<meta property=\"og:site_name\" content=\"Jobimpulse.pl\" \/>\n<meta property=\"article:modified_time\" content=\"2024-03-22T16:35:08+00:00\" \/>\n<meta property=\"og:image\" content=\"https:\/\/jobimpulse.pl\/wp-content\/uploads\/2022\/01\/our-services-zc.jpg\" \/>\n\t<meta property=\"og:image:width\" content=\"750\" \/>\n\t<meta property=\"og:image:height\" content=\"324\" \/>\n\t<meta property=\"og:image:type\" content=\"image\/jpeg\" \/>\n<meta name=\"twitter:card\" content=\"summary_large_image\" \/>\n<script type=\"application\/ld+json\" class=\"yoast-schema-graph\">{\"@context\":\"https:\/\/schema.org\",\"@graph\":[{\"@type\":\"WebPage\",\"@id\":\"https:\/\/jobimpulse.pl\/uk\/%d0%bf%d1%80%d0%b0%d1%86%d0%b5%d0%b2%d0%bb%d0%b0%d1%88%d1%82%d1%83%d0%b2%d0%b0%d0%bd%d0%bd%d1%8f-%d1%96%d0%bd%d0%be%d0%b7%d0%b5%d0%bc%d1%86%d1%96%d0%b2\/\",\"url\":\"https:\/\/jobimpulse.pl\/uk\/%d0%bf%d1%80%d0%b0%d1%86%d0%b5%d0%b2%d0%bb%d0%b0%d1%88%d1%82%d1%83%d0%b2%d0%b0%d0%bd%d0%bd%d1%8f-%d1%96%d0%bd%d0%be%d0%b7%d0%b5%d0%bc%d1%86%d1%96%d0%b2\/\",\"name\":\"\u041f\u0440\u0430\u0446\u0435\u0432\u043b\u0430\u0448\u0442\u0443\u0432\u0430\u043d\u043d\u044f \u0456\u043d\u043e\u0437\u0435\u043c\u0446\u0456\u0432 - legalizacja pobytu - Jobimpulse.pl\",\"isPartOf\":{\"@id\":\"https:\/\/jobimpulse.pl\/uk\/#website\"},\"primaryImageOfPage\":{\"@id\":\"https:\/\/jobimpulse.pl\/uk\/%d0%bf%d1%80%d0%b0%d1%86%d0%b5%d0%b2%d0%bb%d0%b0%d1%88%d1%82%d1%83%d0%b2%d0%b0%d0%bd%d0%bd%d1%8f-%d1%96%d0%bd%d0%be%d0%b7%d0%b5%d0%bc%d1%86%d1%96%d0%b2\/#primaryimage\"},\"image\":{\"@id\":\"https:\/\/jobimpulse.pl\/uk\/%d0%bf%d1%80%d0%b0%d1%86%d0%b5%d0%b2%d0%bb%d0%b0%d1%88%d1%82%d1%83%d0%b2%d0%b0%d0%bd%d0%bd%d1%8f-%d1%96%d0%bd%d0%be%d0%b7%d0%b5%d0%bc%d1%86%d1%96%d0%b2\/#primaryimage\"},\"thumbnailUrl\":\"https:\/\/jobimpulse.pl\/wp-content\/uploads\/2022\/01\/our-services-zc.jpg\",\"datePublished\":\"2022-01-17T21:52:09+00:00\",\"dateModified\":\"2024-03-22T16:35:08+00:00\",\"description\":\"W agencji pracy Job Impulse gwarantujemy w pe\u0142ni legalizacj\u0119 pobytu oraz legalne zatrudnianie cudzoziemc\u00f3w.\",\"breadcrumb\":{\"@id\":\"https:\/\/jobimpulse.pl\/uk\/%d0%bf%d1%80%d0%b0%d1%86%d0%b5%d0%b2%d0%bb%d0%b0%d1%88%d1%82%d1%83%d0%b2%d0%b0%d0%bd%d0%bd%d1%8f-%d1%96%d0%bd%d0%be%d0%b7%d0%b5%d0%bc%d1%86%d1%96%d0%b2\/#breadcrumb\"},\"inLanguage\":\"uk\",\"potentialAction\":[{\"@type\":\"ReadAction\",\"target\":[\"https:\/\/jobimpulse.pl\/uk\/%d0%bf%d1%80%d0%b0%d1%86%d0%b5%d0%b2%d0%bb%d0%b0%d1%88%d1%82%d1%83%d0%b2%d0%b0%d0%bd%d0%bd%d1%8f-%d1%96%d0%bd%d0%be%d0%b7%d0%b5%d0%bc%d1%86%d1%96%d0%b2\/\"]}]},{\"@type\":\"ImageObject\",\"inLanguage\":\"uk\",\"@id\":\"https:\/\/jobimpulse.pl\/uk\/%d0%bf%d1%80%d0%b0%d1%86%d0%b5%d0%b2%d0%bb%d0%b0%d1%88%d1%82%d1%83%d0%b2%d0%b0%d0%bd%d0%bd%d1%8f-%d1%96%d0%bd%d0%be%d0%b7%d0%b5%d0%bc%d1%86%d1%96%d0%b2\/#primaryimage\",\"url\":\"https:\/\/jobimpulse.pl\/wp-content\/uploads\/2022\/01\/our-services-zc.jpg\",\"contentUrl\":\"https:\/\/jobimpulse.pl\/wp-content\/uploads\/2022\/01\/our-services-zc.jpg\",\"width\":750,\"height\":324},{\"@type\":\"BreadcrumbList\",\"@id\":\"https:\/\/jobimpulse.pl\/uk\/%d0%bf%d1%80%d0%b0%d1%86%d0%b5%d0%b2%d0%bb%d0%b0%d1%88%d1%82%d1%83%d0%b2%d0%b0%d0%bd%d0%bd%d1%8f-%d1%96%d0%bd%d0%be%d0%b7%d0%b5%d0%bc%d1%86%d1%96%d0%b2\/#breadcrumb\",\"itemListElement\":[{\"@type\":\"ListItem\",\"position\":1,\"name\":\"Home\",\"item\":\"https:\/\/jobimpulse.pl\/uk\/\"},{\"@type\":\"ListItem\",\"position\":2,\"name\":\"\u041f\u0440\u0430\u0446\u0435\u0432\u043b\u0430\u0448\u0442\u0443\u0432\u0430\u043d\u043d\u044f \u0456\u043d\u043e\u0437\u0435\u043c\u0446\u0456\u0432\"}]},{\"@type\":\"WebSite\",\"@id\":\"https:\/\/jobimpulse.pl\/uk\/#website\",\"url\":\"https:\/\/jobimpulse.pl\/uk\/\",\"name\":\"Jobimpulse.pl\",\"description\":\"\",\"potentialAction\":[{\"@type\":\"SearchAction\",\"target\":{\"@type\":\"EntryPoint\",\"urlTemplate\":\"https:\/\/jobimpulse.pl\/uk\/?s={search_term_string}\"},\"query-input\":{\"@type\":\"PropertyValueSpecification\",\"valueRequired\":true,\"valueName\":\"search_term_string\"}}],\"inLanguage\":\"uk\"}]}<\/script>\n<!-- \/ Yoast SEO Premium plugin. -->","yoast_head_json":{"title":"\u041f\u0440\u0430\u0446\u0435\u0432\u043b\u0430\u0448\u0442\u0443\u0432\u0430\u043d\u043d\u044f \u0456\u043d\u043e\u0437\u0435\u043c\u0446\u0456\u0432 - legalizacja pobytu - Jobimpulse.pl","description":"W agencji pracy Job Impulse gwarantujemy w pe\u0142ni legalizacj\u0119 pobytu oraz legalne zatrudnianie cudzoziemc\u00f3w.","robots":{"index":"index","follow":"follow","max-snippet":"max-snippet:-1","max-image-preview":"max-image-preview:large","max-video-preview":"max-video-preview:-1"},"canonical":"https:\/\/jobimpulse.pl\/uk\/%d0%bf%d1%80%d0%b0%d1%86%d0%b5%d0%b2%d0%bb%d0%b0%d1%88%d1%82%d1%83%d0%b2%d0%b0%d0%bd%d0%bd%d1%8f-%d1%96%d0%bd%d0%be%d0%b7%d0%b5%d0%bc%d1%86%d1%96%d0%b2\/","og_locale":"uk_UA","og_type":"article","og_title":"\u041f\u0440\u0430\u0446\u0435\u0432\u043b\u0430\u0448\u0442\u0443\u0432\u0430\u043d\u043d\u044f \u0456\u043d\u043e\u0437\u0435\u043c\u0446\u0456\u0432","og_description":"W agencji pracy Job Impulse gwarantujemy w pe\u0142ni legalizacj\u0119 pobytu oraz legalne zatrudnianie cudzoziemc\u00f3w.","og_url":"https:\/\/jobimpulse.pl\/uk\/%d0%bf%d1%80%d0%b0%d1%86%d0%b5%d0%b2%d0%bb%d0%b0%d1%88%d1%82%d1%83%d0%b2%d0%b0%d0%bd%d0%bd%d1%8f-%d1%96%d0%bd%d0%be%d0%b7%d0%b5%d0%bc%d1%86%d1%96%d0%b2\/","og_site_name":"Jobimpulse.pl","article_modified_time":"2024-03-22T16:35:08+00:00","og_image":[{"width":750,"height":324,"url":"https:\/\/jobimpulse.pl\/wp-content\/uploads\/2022\/01\/our-services-zc.jpg","type":"image\/jpeg"}],"twitter_card":"summary_large_image","schema":{"@context":"https:\/\/schema.org","@graph":[{"@type":"WebPage","@id":"https:\/\/jobimpulse.pl\/uk\/%d0%bf%d1%80%d0%b0%d1%86%d0%b5%d0%b2%d0%bb%d0%b0%d1%88%d1%82%d1%83%d0%b2%d0%b0%d0%bd%d0%bd%d1%8f-%d1%96%d0%bd%d0%be%d0%b7%d0%b5%d0%bc%d1%86%d1%96%d0%b2\/","url":"https:\/\/jobimpulse.pl\/uk\/%d0%bf%d1%80%d0%b0%d1%86%d0%b5%d0%b2%d0%bb%d0%b0%d1%88%d1%82%d1%83%d0%b2%d0%b0%d0%bd%d0%bd%d1%8f-%d1%96%d0%bd%d0%be%d0%b7%d0%b5%d0%bc%d1%86%d1%96%d0%b2\/","name":"\u041f\u0440\u0430\u0446\u0435\u0432\u043b\u0430\u0448\u0442\u0443\u0432\u0430\u043d\u043d\u044f \u0456\u043d\u043e\u0437\u0435\u043c\u0446\u0456\u0432 - legalizacja pobytu - Jobimpulse.pl","isPartOf":{"@id":"https:\/\/jobimpulse.pl\/uk\/#website"},"primaryImageOfPage":{"@id":"https:\/\/jobimpulse.pl\/uk\/%d0%bf%d1%80%d0%b0%d1%86%d0%b5%d0%b2%d0%bb%d0%b0%d1%88%d1%82%d1%83%d0%b2%d0%b0%d0%bd%d0%bd%d1%8f-%d1%96%d0%bd%d0%be%d0%b7%d0%b5%d0%bc%d1%86%d1%96%d0%b2\/#primaryimage"},"image":{"@id":"https:\/\/jobimpulse.pl\/uk\/%d0%bf%d1%80%d0%b0%d1%86%d0%b5%d0%b2%d0%bb%d0%b0%d1%88%d1%82%d1%83%d0%b2%d0%b0%d0%bd%d0%bd%d1%8f-%d1%96%d0%bd%d0%be%d0%b7%d0%b5%d0%bc%d1%86%d1%96%d0%b2\/#primaryimage"},"thumbnailUrl":"https:\/\/jobimpulse.pl\/wp-content\/uploads\/2022\/01\/our-services-zc.jpg","datePublished":"2022-01-17T21:52:09+00:00","dateModified":"2024-03-22T16:35:08+00:00","description":"W agencji pracy Job Impulse gwarantujemy w pe\u0142ni legalizacj\u0119 pobytu oraz legalne zatrudnianie cudzoziemc\u00f3w.","breadcrumb":{"@id":"https:\/\/jobimpulse.pl\/uk\/%d0%bf%d1%80%d0%b0%d1%86%d0%b5%d0%b2%d0%bb%d0%b0%d1%88%d1%82%d1%83%d0%b2%d0%b0%d0%bd%d0%bd%d1%8f-%d1%96%d0%bd%d0%be%d0%b7%d0%b5%d0%bc%d1%86%d1%96%d0%b2\/#breadcrumb"},"inLanguage":"uk","potentialAction":[{"@type":"ReadAction","target":["https:\/\/jobimpulse.pl\/uk\/%d0%bf%d1%80%d0%b0%d1%86%d0%b5%d0%b2%d0%bb%d0%b0%d1%88%d1%82%d1%83%d0%b2%d0%b0%d0%bd%d0%bd%d1%8f-%d1%96%d0%bd%d0%be%d0%b7%d0%b5%d0%bc%d1%86%d1%96%d0%b2\/"]}]},{"@type":"ImageObject","inLanguage":"uk","@id":"https:\/\/jobimpulse.pl\/uk\/%d0%bf%d1%80%d0%b0%d1%86%d0%b5%d0%b2%d0%bb%d0%b0%d1%88%d1%82%d1%83%d0%b2%d0%b0%d0%bd%d0%bd%d1%8f-%d1%96%d0%bd%d0%be%d0%b7%d0%b5%d0%bc%d1%86%d1%96%d0%b2\/#primaryimage","url":"https:\/\/jobimpulse.pl\/wp-content\/uploads\/2022\/01\/our-services-zc.jpg","contentUrl":"https:\/\/jobimpulse.pl\/wp-content\/uploads\/2022\/01\/our-services-zc.jpg","width":750,"height":324},{"@type":"BreadcrumbList","@id":"https:\/\/jobimpulse.pl\/uk\/%d0%bf%d1%80%d0%b0%d1%86%d0%b5%d0%b2%d0%bb%d0%b0%d1%88%d1%82%d1%83%d0%b2%d0%b0%d0%bd%d0%bd%d1%8f-%d1%96%d0%bd%d0%be%d0%b7%d0%b5%d0%bc%d1%86%d1%96%d0%b2\/#breadcrumb","itemListElement":[{"@type":"ListItem","position":1,"name":"Home","item":"https:\/\/jobimpulse.pl\/uk\/"},{"@type":"ListItem","position":2,"name":"\u041f\u0440\u0430\u0446\u0435\u0432\u043b\u0430\u0448\u0442\u0443\u0432\u0430\u043d\u043d\u044f \u0456\u043d\u043e\u0437\u0435\u043c\u0446\u0456\u0432"}]},{"@type":"WebSite","@id":"https:\/\/jobimpulse.pl\/uk\/#website","url":"https:\/\/jobimpulse.pl\/uk\/","name":"Jobimpulse.pl","description":"","potentialAction":[{"@type":"SearchAction","target":{"@type":"EntryPoint","urlTemplate":"https:\/\/jobimpulse.pl\/uk\/?s={search_term_string}"},"query-input":{"@type":"PropertyValueSpecification","valueRequired":true,"valueName":"search_term_string"}}],"inLanguage":"uk"}]}},"_links":{"self":[{"href":"https:\/\/jobimpulse.pl\/uk\/wp-json\/wp\/v2\/pages\/1798","targetHints":{"allow":["GET"]}}],"collection":[{"href":"https:\/\/jobimpulse.pl\/uk\/wp-json\/wp\/v2\/pages"}],"about":[{"href":"https:\/\/jobimpulse.pl\/uk\/wp-json\/wp\/v2\/types\/page"}],"author":[{"embeddable":true,"href":"https:\/\/jobimpulse.pl\/uk\/wp-json\/wp\/v2\/users\/1"}],"replies":[{"embeddable":true,"href":"https:\/\/jobimpulse.pl\/uk\/wp-json\/wp\/v2\/comments?post=1798"}],"version-history":[{"count":1,"href":"https:\/\/jobimpulse.pl\/uk\/wp-json\/wp\/v2\/pages\/1798\/revisions"}],"predecessor-version":[{"id":1799,"href":"https:\/\/jobimpulse.pl\/uk\/wp-json\/wp\/v2\/pages\/1798\/revisions\/1799"}],"wp:featuredmedia":[{"embeddable":true,"href":"https:\/\/jobimpulse.pl\/uk\/wp-json\/wp\/v2\/media\/1376"}],"wp:attachment":[{"href":"https:\/\/jobimpulse.pl\/uk\/wp-json\/wp\/v2\/media?parent=1798"}],"wp:term":[{"taxonomy":"category","embeddable":true,"href":"https:\/\/jobimpulse.pl\/uk\/wp-json\/wp\/v2\/categories?post=1798"},{"taxonomy":"post_tag","embeddable":true,"href":"https:\/\/jobimpulse.pl\/uk\/wp-json\/wp\/v2\/tags?post=1798"}],"curies":[{"name":"wp","href":"https:\/\/api.w.org\/{rel}","templated":true}]}}